{"id":14254,"date":"2025-03-25T22:45:51","date_gmt":"2025-03-25T19:45:51","guid":{"rendered":"https:\/\/xiaomoxuan.ro\/?post_type=product&#038;p=14254"},"modified":"2026-05-06T18:48:46","modified_gmt":"2026-05-06T16:48:46","slug":"sampon-sea-balance-500ml","status":"publish","type":"product","link":"https:\/\/xiaomoxuan.ro\/en\/product\/sampon-sea-balance-500ml\/","title":{"rendered":"Xiaomoxuan Sea Balance shampoo 500ml"},"content":{"rendered":"<p data-start=\"577\" data-end=\"659\"><b data-start=\"577\" data-end=\"659\">Sea Balance Oily Scalp Shampoo \u2013 Effective cleansing and natural balance<\/b><\/p>\n<p data-start=\"661\" data-end=\"1012\">If you have an oily scalp and frequently experience oily hair that lacks volume and vitality, <b data-start=\"754\" data-end=\"796\">Sea Balance oily scalp shampoo<\/b> from Xiaomoxuan is the ideal choice. Formulated with natural ingredients, this product regulates excess sebum and supports the pH balance of the scalp, while providing a feeling of freshness that lasts.<\/p>\n<p data-start=\"1014\" data-end=\"1038\"><b data-start=\"1014\" data-end=\"1038\">Essential benefits:<\/b><\/p>\n<ul data-start=\"1039\" data-end=\"1293\">\n<li data-start=\"1039\" data-end=\"1107\">\n<p data-start=\"1041\" data-end=\"1107\">Contains 30% natural sea salt \u2013 deeply purifies the scalp<\/p>\n<\/li>\n<li data-start=\"1108\" data-end=\"1162\">\n<p data-start=\"1110\" data-end=\"1162\">Reduces sebum secretion without irritating the scalp<\/p>\n<\/li>\n<li data-start=\"1163\" data-end=\"1200\">\n<p data-start=\"1165\" data-end=\"1200\">Provides volume and elasticity to hair<\/p>\n<\/li>\n<li data-start=\"1201\" data-end=\"1253\">\n<p data-start=\"1203\" data-end=\"1253\">Strengthens the hair from root to tip<\/p>\n<\/li>\n<li data-start=\"1254\" data-end=\"1293\">\n<p data-start=\"1256\" data-end=\"1293\">Has an anti-aging effect on the scalp<\/p>\n<\/li>\n<\/ul>\n<p data-start=\"1295\" data-end=\"1318\"><b data-start=\"1295\" data-end=\"1318\">Active ingredients:<\/b><\/p>\n<ul data-start=\"1319\" data-end=\"1425\">\n<li data-start=\"1319\" data-end=\"1367\">\n<p data-start=\"1321\" data-end=\"1367\"><b data-start=\"1321\" data-end=\"1337\">Sea salt<\/b> \u2013 detoxifies and mineralizes<\/p>\n<\/li>\n<li data-start=\"1368\" data-end=\"1425\">\n<p data-start=\"1370\" data-end=\"1425\"><b data-start=\"1370\" data-end=\"1399\">Vitamin B5 and amino acids<\/b> \u2013 repairs and nourishes hair<\/p>\n<\/li>\n<\/ul>\n<p data-start=\"1427\" data-end=\"1727\"><b data-start=\"1427\" data-end=\"1448\">How to use:<\/b><br \/>\nApply an appropriate amount of shampoo to wet hair. Massage until a fine lather is formed, then rinse thoroughly. For best results, we also recommend <a class=\"cursor-pointer\" target=\"_new\" rel=\"noopener\" data-start=\"1613\" data-end=\"1708\"><b data-start=\"1614\" data-end=\"1648\">Balancing Conditioner<\/b><\/a>, from the same range.<\/p>\n<hr data-start=\"1729\" data-end=\"1732\" \/>\n<h3 data-start=\"1734\" data-end=\"1794\">\ud83d\udd17 Recommended internal links (add in text on the site):<\/h3>\n<ul data-start=\"1795\" data-end=\"2053\">\n<li data-start=\"1795\" data-end=\"1858\">\n<p data-start=\"1797\" data-end=\"1858\"><a class=\"cursor-pointer\" target=\"_new\" rel=\"noopener\" data-start=\"1797\" data-end=\"1858\">About the Xiaomoxuan brand<\/a><\/p>\n<\/li>\n<li data-start=\"1859\" data-end=\"1969\">\n<p data-start=\"1861\" data-end=\"1969\"><a class=\"cursor-pointer\" target=\"_new\" rel=\"noopener\" data-start=\"1861\" data-end=\"1969\">See all hair care products<\/a><\/p>\n<\/li>\n<li data-start=\"1970\" data-end=\"2053\">\n<p data-start=\"1972\" data-end=\"2053\"><a class=\"cursor-pointer\" target=\"_new\" rel=\"noopener\" data-start=\"1972\" data-end=\"2053\">Contact us for personalized recommendations<\/a><\/p>\n<\/li>\n<\/ul>\n<div style=\"display: flex; border-radius: 15px; align-items: center; gap: 15px; justify-content: center;\">\n<p><b>Images\/Video<\/b><\/p>\n<p><a href=\"https:\/\/www.instagram.com\/p\/DLSWvsqIGQo\/?igsh=MXN3cWVlY2doaGFrZw==\"><img decoding=\"async\" class=\"alignnone wp-image-9868\" style=\"border-radius: 10px; border: transparent; margin-bottom: -7px;\" src=\"https:\/\/xiaomoxuan.ro\/wp-content\/uploads\/2023\/09\/instagram.svg\" alt=\"\" width=\"30\" height=\"30\" \/><\/a><\/p>\n<\/div>","protected":false},"excerpt":{"rendered":"<p>\u0218ampon pentru scalp gras Sea Balance \u2013 Cur\u0103\u021bare eficient\u0103 \u0219i echilibru natural Dac\u0103 ai un scalp gras \u0219i te confrun\u021bi frecvent cu p\u0103r uleios, lipsit de volum \u0219i vitalitate, \u0219amponul pentru scalp gras Sea Balance de la Xiaomoxuan este alegerea ideal\u0103. Formulat cu ingrediente naturale, acest produs regleaz\u0103 excesul de sebum \u0219i sus\u021bine echilibrul pH-ului &hellip; <a href=\"https:\/\/xiaomoxuan.ro\/en\/product\/sampon-sea-balance-500ml\/\" class=\"more-link\">Continue reading <span class=\"screen-reader-text\">Xiaomoxuan Sea Balance shampoo 500ml<\/span><\/a><\/p>","protected":false},"featured_media":17939,"comment_status":"open","ping_status":"closed","template":"","meta":[],"product_brand":[],"product_cat":[59],"product_tag":[],"class_list":{"0":"post-14254","1":"product","2":"type-product","3":"status-publish","4":"has-post-thumbnail","6":"product_cat-sampon","7":"pa_size-500ml","10":"instock","11":"taxable","12":"shipping-taxable","13":"purchasable","14":"product-type-simple"},"yoast_head":"<!-- This site is optimized with the Yoast SEO Premium plugin v26.9 (Yoast SEO v26.9) - https:\/\/yoast.com\/product\/yoast-seo-premium-wordpress\/ -->\n<title>\u0218AMPON SEA BALANCE 500ml - Lumea cosmeticelor naturale Xiaomoxuan<\/title>\n<meta name=\"description\" content=\"Xiaomoxuan Sea Balance \u0219ampon pentru scalp gras \u0219i p\u0103r uleios, cu o formul\u0103 delicat\u0103, \u00eembog\u0103\u021bit cu 30% sare de mare, care revitalizeaz\u0103 \u0219i \u00eent\u0103re\u0219te p\u0103rul.\" \/>\n<meta name=\"robots\" content=\"index, follow, max-snippet:-1, max-image-preview:large, max-video-preview:-1\" \/>\n<link rel=\"canonical\" href=\"https:\/\/xiaomoxuan.ro\/en\/product\/sampon-sea-balance-500ml\/\" \/>\n<meta property=\"og:locale\" content=\"en_US\" \/>\n<meta property=\"og:type\" content=\"article\" \/>\n<meta property=\"og:title\" content=\"\u0218AMPON SEA BALANCE 500ml\" \/>\n<meta property=\"og:description\" content=\"Xiaomoxuan Sea Balance \u0219ampon pentru scalp gras \u0219i p\u0103r uleios, cu o formul\u0103 delicat\u0103, \u00eembog\u0103\u021bit cu 30% sare de mare, care revitalizeaz\u0103 \u0219i \u00eent\u0103re\u0219te p\u0103rul.\" \/>\n<meta property=\"og:url\" content=\"https:\/\/xiaomoxuan.ro\/en\/product\/sampon-sea-balance-500ml\/\" \/>\n<meta property=\"og:site_name\" content=\"Lumea cosmeticelor naturale Xiaomoxuan\" \/>\n<meta property=\"article:modified_time\" content=\"2026-05-06T16:48:46+00:00\" \/>\n<meta property=\"og:image\" content=\"https:\/\/xiaomoxuan.ro\/wp-content\/uploads\/2025\/03\/WhatsApp-Image-2025-06-30-at-15.11.443.jpeg\" \/>\n\t<meta property=\"og:image:width\" content=\"960\" \/>\n\t<meta property=\"og:image:height\" content=\"1280\" \/>\n\t<meta property=\"og:image:type\" content=\"image\/jpeg\" \/>\n<meta name=\"twitter:card\" content=\"summary_large_image\" \/>\n<meta name=\"twitter:label1\" content=\"Est. reading time\" \/>\n\t<meta name=\"twitter:data1\" content=\"2 minutes\" \/>\n<script type=\"application\/ld+json\" class=\"yoast-schema-graph\">{\"@context\":\"https:\/\/schema.org\",\"@graph\":[{\"@type\":\"WebPage\",\"@id\":\"https:\/\/xiaomoxuan.ro\/product\/sampon-sea-balance-500ml\/\",\"url\":\"https:\/\/xiaomoxuan.ro\/product\/sampon-sea-balance-500ml\/\",\"name\":\"\u0218AMPON SEA BALANCE 500ml - Lumea cosmeticelor naturale Xiaomoxuan\",\"isPartOf\":{\"@id\":\"https:\/\/xiaomoxuan.ro\/#website\"},\"primaryImageOfPage\":{\"@id\":\"https:\/\/xiaomoxuan.ro\/product\/sampon-sea-balance-500ml\/#primaryimage\"},\"image\":{\"@id\":\"https:\/\/xiaomoxuan.ro\/product\/sampon-sea-balance-500ml\/#primaryimage\"},\"thumbnailUrl\":\"https:\/\/xiaomoxuan.ro\/wp-content\/uploads\/2025\/03\/WhatsApp-Image-2025-06-30-at-15.11.443.jpeg\",\"datePublished\":\"2025-03-25T19:45:51+00:00\",\"dateModified\":\"2026-05-06T16:48:46+00:00\",\"description\":\"Xiaomoxuan Sea Balance \u0219ampon pentru scalp gras \u0219i p\u0103r uleios, cu o formul\u0103 delicat\u0103, \u00eembog\u0103\u021bit cu 30% sare de mare, care revitalizeaz\u0103 \u0219i \u00eent\u0103re\u0219te p\u0103rul.\",\"breadcrumb\":{\"@id\":\"https:\/\/xiaomoxuan.ro\/product\/sampon-sea-balance-500ml\/#breadcrumb\"},\"inLanguage\":\"en-US\",\"potentialAction\":[{\"@type\":\"ReadAction\",\"target\":[\"https:\/\/xiaomoxuan.ro\/product\/sampon-sea-balance-500ml\/\"]}]},{\"@type\":\"ImageObject\",\"inLanguage\":\"en-US\",\"@id\":\"https:\/\/xiaomoxuan.ro\/product\/sampon-sea-balance-500ml\/#primaryimage\",\"url\":\"https:\/\/xiaomoxuan.ro\/wp-content\/uploads\/2025\/03\/WhatsApp-Image-2025-06-30-at-15.11.443.jpeg\",\"contentUrl\":\"https:\/\/xiaomoxuan.ro\/wp-content\/uploads\/2025\/03\/WhatsApp-Image-2025-06-30-at-15.11.443.jpeg\",\"width\":960,\"height\":1280},{\"@type\":\"BreadcrumbList\",\"@id\":\"https:\/\/xiaomoxuan.ro\/product\/sampon-sea-balance-500ml\/#breadcrumb\",\"itemListElement\":[{\"@type\":\"ListItem\",\"position\":1,\"name\":\"\u0413\u043b\u0430\u0432\u043d\u0430\u044f \u0441\u0442\u0440\u0430\u043d\u0438\u0446\u0430\",\"item\":\"https:\/\/xiaomoxuan.ro\/ro\/\"},{\"@type\":\"ListItem\",\"position\":2,\"name\":\"Magazin\",\"item\":\"https:\/\/xiaomoxuan.ro\/shop\/\"},{\"@type\":\"ListItem\",\"position\":3,\"name\":\"\u0218AMPON SEA BALANCE 500ml\"}]},{\"@type\":\"WebSite\",\"@id\":\"https:\/\/xiaomoxuan.ro\/#website\",\"url\":\"https:\/\/xiaomoxuan.ro\/\",\"name\":\"Lumea cosmeticelor naturale Xiaomoxuan\",\"description\":\"\",\"publisher\":{\"@id\":\"https:\/\/xiaomoxuan.ro\/#organization\"},\"potentialAction\":[{\"@type\":\"SearchAction\",\"target\":{\"@type\":\"EntryPoint\",\"urlTemplate\":\"https:\/\/xiaomoxuan.ro\/?s={search_term_string}\"},\"query-input\":{\"@type\":\"PropertyValueSpecification\",\"valueRequired\":true,\"valueName\":\"search_term_string\"}}],\"inLanguage\":\"en-US\"},{\"@type\":\"Organization\",\"@id\":\"https:\/\/xiaomoxuan.ro\/#organization\",\"name\":\"Xiaomoxuan\",\"url\":\"https:\/\/xiaomoxuan.ro\/\",\"logo\":{\"@type\":\"ImageObject\",\"inLanguage\":\"en-US\",\"@id\":\"https:\/\/xiaomoxuan.ro\/#\/schema\/logo\/image\/\",\"url\":\"https:\/\/xiaomoxuan.ro\/wp-content\/uploads\/2024\/06\/green-logo.png\",\"contentUrl\":\"https:\/\/xiaomoxuan.ro\/wp-content\/uploads\/2024\/06\/green-logo.png\",\"width\":512,\"height\":512,\"caption\":\"Xiaomoxuan\"},\"image\":{\"@id\":\"https:\/\/xiaomoxuan.ro\/#\/schema\/logo\/image\/\"}}]}<\/script>\n<!-- \/ Yoast SEO Premium plugin. -->","yoast_head_json":{"title":"\u0218AMPON SEA BALANCE 500ml - Lumea cosmeticelor naturale Xiaomoxuan","description":"Xiaomoxuan Sea Balance \u0219ampon pentru scalp gras \u0219i p\u0103r uleios, cu o formul\u0103 delicat\u0103, \u00eembog\u0103\u021bit cu 30% sare de mare, care revitalizeaz\u0103 \u0219i \u00eent\u0103re\u0219te p\u0103rul.","robots":{"index":"index","follow":"follow","max-snippet":"max-snippet:-1","max-image-preview":"max-image-preview:large","max-video-preview":"max-video-preview:-1"},"canonical":"https:\/\/xiaomoxuan.ro\/en\/product\/sampon-sea-balance-500ml\/","og_locale":"en_US","og_type":"article","og_title":"\u0218AMPON SEA BALANCE 500ml","og_description":"Xiaomoxuan Sea Balance \u0219ampon pentru scalp gras \u0219i p\u0103r uleios, cu o formul\u0103 delicat\u0103, \u00eembog\u0103\u021bit cu 30% sare de mare, care revitalizeaz\u0103 \u0219i \u00eent\u0103re\u0219te p\u0103rul.","og_url":"https:\/\/xiaomoxuan.ro\/en\/product\/sampon-sea-balance-500ml\/","og_site_name":"Lumea cosmeticelor naturale Xiaomoxuan","article_modified_time":"2026-05-06T16:48:46+00:00","og_image":[{"width":960,"height":1280,"url":"https:\/\/xiaomoxuan.ro\/wp-content\/uploads\/2025\/03\/WhatsApp-Image-2025-06-30-at-15.11.443.jpeg","type":"image\/jpeg"}],"twitter_card":"summary_large_image","twitter_misc":{"Est. reading time":"2 minutes"},"schema":{"@context":"https:\/\/schema.org","@graph":[{"@type":"WebPage","@id":"https:\/\/xiaomoxuan.ro\/product\/sampon-sea-balance-500ml\/","url":"https:\/\/xiaomoxuan.ro\/product\/sampon-sea-balance-500ml\/","name":"\u0218AMPON SEA BALANCE 500ml - Lumea cosmeticelor naturale Xiaomoxuan","isPartOf":{"@id":"https:\/\/xiaomoxuan.ro\/#website"},"primaryImageOfPage":{"@id":"https:\/\/xiaomoxuan.ro\/product\/sampon-sea-balance-500ml\/#primaryimage"},"image":{"@id":"https:\/\/xiaomoxuan.ro\/product\/sampon-sea-balance-500ml\/#primaryimage"},"thumbnailUrl":"https:\/\/xiaomoxuan.ro\/wp-content\/uploads\/2025\/03\/WhatsApp-Image-2025-06-30-at-15.11.443.jpeg","datePublished":"2025-03-25T19:45:51+00:00","dateModified":"2026-05-06T16:48:46+00:00","description":"Xiaomoxuan Sea Balance \u0219ampon pentru scalp gras \u0219i p\u0103r uleios, cu o formul\u0103 delicat\u0103, \u00eembog\u0103\u021bit cu 30% sare de mare, care revitalizeaz\u0103 \u0219i \u00eent\u0103re\u0219te p\u0103rul.","breadcrumb":{"@id":"https:\/\/xiaomoxuan.ro\/product\/sampon-sea-balance-500ml\/#breadcrumb"},"inLanguage":"en-US","potentialAction":[{"@type":"ReadAction","target":["https:\/\/xiaomoxuan.ro\/product\/sampon-sea-balance-500ml\/"]}]},{"@type":"ImageObject","inLanguage":"en-US","@id":"https:\/\/xiaomoxuan.ro\/product\/sampon-sea-balance-500ml\/#primaryimage","url":"https:\/\/xiaomoxuan.ro\/wp-content\/uploads\/2025\/03\/WhatsApp-Image-2025-06-30-at-15.11.443.jpeg","contentUrl":"https:\/\/xiaomoxuan.ro\/wp-content\/uploads\/2025\/03\/WhatsApp-Image-2025-06-30-at-15.11.443.jpeg","width":960,"height":1280},{"@type":"BreadcrumbList","@id":"https:\/\/xiaomoxuan.ro\/product\/sampon-sea-balance-500ml\/#breadcrumb","itemListElement":[{"@type":"ListItem","position":1,"name":"\u0413\u043b\u0430\u0432\u043d\u0430\u044f \u0441\u0442\u0440\u0430\u043d\u0438\u0446\u0430","item":"https:\/\/xiaomoxuan.ro\/ro\/"},{"@type":"ListItem","position":2,"name":"Magazin","item":"https:\/\/xiaomoxuan.ro\/shop\/"},{"@type":"ListItem","position":3,"name":"\u0218AMPON SEA BALANCE 500ml"}]},{"@type":"WebSite","@id":"https:\/\/xiaomoxuan.ro\/#website","url":"https:\/\/xiaomoxuan.ro\/","name":"Lumea cosmeticelor naturale Xiaomoxuan","description":"","publisher":{"@id":"https:\/\/xiaomoxuan.ro\/#organization"},"potentialAction":[{"@type":"SearchAction","target":{"@type":"EntryPoint","urlTemplate":"https:\/\/xiaomoxuan.ro\/?s={search_term_string}"},"query-input":{"@type":"PropertyValueSpecification","valueRequired":true,"valueName":"search_term_string"}}],"inLanguage":"en-US"},{"@type":"Organization","@id":"https:\/\/xiaomoxuan.ro\/#organization","name":"Xiaomoxuan","url":"https:\/\/xiaomoxuan.ro\/","logo":{"@type":"ImageObject","inLanguage":"en-US","@id":"https:\/\/xiaomoxuan.ro\/#\/schema\/logo\/image\/","url":"https:\/\/xiaomoxuan.ro\/wp-content\/uploads\/2024\/06\/green-logo.png","contentUrl":"https:\/\/xiaomoxuan.ro\/wp-content\/uploads\/2024\/06\/green-logo.png","width":512,"height":512,"caption":"Xiaomoxuan"},"image":{"@id":"https:\/\/xiaomoxuan.ro\/#\/schema\/logo\/image\/"}}]}},"_links":{"self":[{"href":"https:\/\/xiaomoxuan.ro\/en\/wp-json\/wp\/v2\/product\/14254","targetHints":{"allow":["GET"]}}],"collection":[{"href":"https:\/\/xiaomoxuan.ro\/en\/wp-json\/wp\/v2\/product"}],"about":[{"href":"https:\/\/xiaomoxuan.ro\/en\/wp-json\/wp\/v2\/types\/product"}],"replies":[{"embeddable":true,"href":"https:\/\/xiaomoxuan.ro\/en\/wp-json\/wp\/v2\/comments?post=14254"}],"version-history":[{"count":1,"href":"https:\/\/xiaomoxuan.ro\/en\/wp-json\/wp\/v2\/product\/14254\/revisions"}],"predecessor-version":[{"id":24580,"href":"https:\/\/xiaomoxuan.ro\/en\/wp-json\/wp\/v2\/product\/14254\/revisions\/24580"}],"wp:featuredmedia":[{"embeddable":true,"href":"https:\/\/xiaomoxuan.ro\/en\/wp-json\/wp\/v2\/media\/17939"}],"wp:attachment":[{"href":"https:\/\/xiaomoxuan.ro\/en\/wp-json\/wp\/v2\/media?parent=14254"}],"wp:term":[{"taxonomy":"product_brand","embeddable":true,"href":"https:\/\/xiaomoxuan.ro\/en\/wp-json\/wp\/v2\/product_brand?post=14254"},{"taxonomy":"product_cat","embeddable":true,"href":"https:\/\/xiaomoxuan.ro\/en\/wp-json\/wp\/v2\/product_cat?post=14254"},{"taxonomy":"product_tag","embeddable":true,"href":"https:\/\/xiaomoxuan.ro\/en\/wp-json\/wp\/v2\/product_tag?post=14254"}],"curies":[{"name":"wp","href":"https:\/\/api.w.org\/{rel}","templated":true}]}}