{"id":22153,"date":"2025-12-01T00:26:18","date_gmt":"2025-11-30T22:26:18","guid":{"rendered":"https:\/\/xiaomoxuan.ro\/?post_type=product&#038;p=22153"},"modified":"2026-04-23T19:56:58","modified_gmt":"2026-04-23T17:56:58","slug":"xiaomoxuan-set-arbore-de-ceai-de-baza-ultra-balancing","status":"publish","type":"product","link":"https:\/\/xiaomoxuan.ro\/en\/product\/xiaomoxuan-set-arbore-de-ceai-de-baza-ultra-balancing\/","title":{"rendered":"XIAOMOXUAN SET ARBORE DE CEAI DE BAZ\u0102  + ULTRA BALANCING"},"content":{"rendered":"<p class=\"p1\"><strong><b>Xiaomoxuan Shampoo Silky Smooth 300 ml<\/b><b> ( Tea Tree )<\/b><\/strong><\/p>\n<p>SULPHATE-FREE, PARABEN-FREE, DYE-FREE.<\/p>\n<p>Unique concentrated formula <a style=\"color: #555;\" href=\"https:\/\/xiaomoxuan.ro\/en\/product\/sampon-de-arbore-de-ceai-pentru-parul-deteriorat\/\">Xiaomoxuan shampoo<\/a> Xiaomoxuan shampoo with a natural tea tree leaf base provides your hair with natural beauty and enhances scalp nourishment. It gives your hair a mirror-like shine, hydrates it, and makes it easier to comb. The shampoo helps protect your hair from external factors. Regular use of sulfate-free products will revitalize your hair and saturate it with various nutrients. Suitable for all hair types. Natural amino acids strengthen the hair, making it thick, supple, and shiny.<\/p>\n<p style=\"display: none;\">shampoo<\/p>\n<p><strong>How to use<\/strong>:<\/p>\n<ul>\n<li>Spread xiaomoxuan shampoo evenly through damp hair. Massage. Rinse it off. And repeat if you wish.<\/li>\n<\/ul>\n<p class=\"p1\"><strong>Ingredients<\/strong>:<\/p>\n<ul>\n<li class=\"p1\">Natural base of tea tree leaves, aqua, vanillin, clear acid, natural plant. Amino Acid Cetearyl, Polyethylene Glycol, Sodium N-lauroylsarcosinate, PCA, Citric Acid Monohydrate, Flavoring.<\/li>\n<\/ul>\n<p style=\"display: none;\">sampon<\/p>\n<p class=\"p1\"><strong>Storage conditions<\/strong>:<\/p>\n<ul>\n<li class=\"p1\">Store at temperatures between +5C and +30C<\/li>\n<\/ul>\n<p class=\"p1\"><strong>Precautions<\/strong>:<\/p>\n<ul>\n<li class=\"p1\">In case of contact with eyes, rinse with plenty of water.<\/li>\n<li class=\"p1\">Keep out of reach of children.<\/li>\n<\/ul>\n<p style=\"display: none;\">sampon<\/p>\n<div style=\"display: flex; border-radius: 15px; align-items: center; gap: 15px; justify-content: center;\">\n<p><strong>Images\/Video<\/strong><\/p>\n<p><a href=\"https:\/\/www.instagram.com\/reel\/C7rRqw7oud3\/?igsh=MTRiMnpuNXVqd3V3Zg%3D%3D\"><img decoding=\"async\" class=\"wp-image-9868\" style=\"border-radius: 10px; border: transparent;\" src=\"https:\/\/xiaomoxuan.ro\/wp-content\/uploads\/2023\/09\/instagram.svg\" alt=\"\" width=\"30\" height=\"30\" \/><\/a><\/p>\n<\/div>\n<hr data-start=\"1728\" data-end=\"1731\" \/>\n<p class=\"p1\"><b>Xiaomoxuan Spray &#8211; Conditioner Silky Smooth 200 ml<\/b><\/p>\n<p>A light and gentle product to perfectly smooth your strands and eliminate excess curl. <a style=\"color: #555;\" href=\"https:\/\/xiaomoxuan.ro\/en\/product\/unsuspensibil-spray-conditionator\/\">Leave-in Conditioner Spray<\/a> creates a thin film along the entire length of the hair, offering effective protection against seawater, chlorinated water, sun rays, as well as overheating and moisture loss when using hairdryers and straighteners. The hair does not become static, is easier to manage, and looks shinier.<\/p>\n<p style=\"display: none;\">spray<\/p>\n<p class=\"p1\"><strong>Mode of application<\/strong>:<\/p>\n<ul>\n<li class=\"p1\">Shake the bottle. Apply a generous amount to previously washed and towel-dried hair. Spread over the entire length of your hair. Then, without rinsing, proceed with styling. Can be used throughout the day to moisturize very dry hair.<\/li>\n<\/ul>\n<p><strong>Ingredients<\/strong>:<\/p>\n<ul>\n<li>Aqua, Natural tea tree leaf base, Copolymer, Hydroxyethyl Urea, Silicone, Dimethicone Crosspolymer, Undeceth-11,  Unsaponifiables, Parfum, Butylphenyl Methylpropional<\/li>\n<\/ul>\n<p class=\"p1\"><strong>Storage conditions<\/strong>:<\/p>\n<ul>\n<li class=\"p1\">Store at temperatures between +5C and +30C<\/li>\n<\/ul>\n<p style=\"display: none;\">spray<\/p>\n<p class=\"p1\"><strong>Precautions<\/strong>:<\/p>\n<ul>\n<li class=\"p1\">In case of contact with eyes, rinse with plenty of water.<\/li>\n<li class=\"p1\">Keep out of reach of children.<\/li>\n<\/ul>\n<p style=\"display: none;\">spray<\/p>\n<div style=\"display: flex; border-radius: 15px; align-items: center; gap: 15px; justify-content: center;\">\n<p><strong>Images\/Video<\/strong><\/p>\n<p><a href=\"https:\/\/www.instagram.com\/reel\/C7jZpD8MNzC\/?igsh=djJvYXhpbGFqem1z\"><img decoding=\"async\" class=\"wp-image-9868\" style=\"border-radius: 10px; border: transparent;\" src=\"https:\/\/xiaomoxuan.ro\/wp-content\/uploads\/2023\/09\/instagram.svg\" alt=\"\" width=\"30\" height=\"30\" \/><\/a><\/p>\n<\/div>","protected":false},"excerpt":{"rendered":"<p>Xiaomoxuan Shampoo Silky Smooth 300 ml ( Tea Tree ) F\u0102R\u0102 SULFA\u021aI, F\u0102R\u0102 PARABENI, F\u0102R\u0102 COLORAN\u021aI. Formula concentrat\u0103 unic\u0103 a \u0219amponului Xiaomoxuan cu baz\u0103 natural\u0103 de frunze de arbore de ceai ofer\u0103 p\u0103rului dumneavoastr\u0103 o frumuse\u021be natural\u0103 \u0219i \u00eembun\u0103t\u0103\u021be\u0219te hr\u0103nirea scalpului. Confer\u0103 p\u0103rului t\u0103u o str\u0103lucire ca o oglind\u0103, \u00eel hidrateaz\u0103 \u0219i \u00eel face mai &hellip; <a href=\"https:\/\/xiaomoxuan.ro\/en\/product\/xiaomoxuan-set-arbore-de-ceai-de-baza-ultra-balancing\/\" class=\"more-link\">Continue reading <span class=\"screen-reader-text\">XIAOMOXUAN SET ARBORE DE CEAI DE BAZ\u0102  + ULTRA BALANCING<\/span><\/a><\/p>","protected":false},"featured_media":19011,"comment_status":"open","ping_status":"closed","template":"","meta":[],"product_brand":[],"product_cat":[57,99],"product_tag":[],"class_list":{"0":"post-22153","1":"product","2":"type-product","3":"status-publish","4":"has-post-thumbnail","6":"product_cat-diverse","7":"product_cat-seturi","10":"instock","11":"taxable","12":"shipping-taxable","13":"purchasable","14":"product-type-woosb"},"yoast_head":"<!-- This site is optimized with the Yoast SEO Premium plugin v26.9 (Yoast SEO v26.9) - https:\/\/yoast.com\/product\/yoast-seo-premium-wordpress\/ -->\n<title>Xiaomoxuan Tea Tree Silky Smooth \u2013 \u0218ampon \u0219i Spray Conditioner f\u0103r\u0103 sulfa\u021bi<\/title>\n<meta name=\"description\" content=\"Setul Xiaomoxuan Tea Tree Silky Smooth \u00ee\u021bi ofer\u0103 \u0219ampon \u0219i spray f\u0103r\u0103 sulfa\u021bi, hidratare intens\u0103 \u0219i protec\u021bie natural\u0103 pentru toate tipurile de p\u0103r.\" \/>\n<meta name=\"robots\" content=\"index, follow, max-snippet:-1, max-image-preview:large, max-video-preview:-1\" \/>\n<link rel=\"canonical\" href=\"https:\/\/xiaomoxuan.ro\/en\/product\/xiaomoxuan-set-arbore-de-ceai-de-baza-ultra-balancing\/\" \/>\n<meta property=\"og:locale\" content=\"en_US\" \/>\n<meta property=\"og:type\" content=\"article\" \/>\n<meta property=\"og:title\" content=\"XIAOMOXUAN SET ARBORE DE CEAI DE BAZ\u0102 + ULTRA BALANCING\" \/>\n<meta property=\"og:description\" content=\"Setul Xiaomoxuan Tea Tree Silky Smooth \u00ee\u021bi ofer\u0103 \u0219ampon \u0219i spray f\u0103r\u0103 sulfa\u021bi, hidratare intens\u0103 \u0219i protec\u021bie natural\u0103 pentru toate tipurile de p\u0103r.\" \/>\n<meta property=\"og:url\" content=\"https:\/\/xiaomoxuan.ro\/en\/product\/xiaomoxuan-set-arbore-de-ceai-de-baza-ultra-balancing\/\" \/>\n<meta property=\"og:site_name\" content=\"Lumea cosmeticelor naturale Xiaomoxuan\" \/>\n<meta property=\"article:modified_time\" content=\"2026-04-23T17:56:58+00:00\" \/>\n<meta property=\"og:image\" content=\"https:\/\/xiaomoxuan.ro\/wp-content\/uploads\/2025\/07\/detalii_produse_82766_Pachet_Xiaomoxuan_SilkySmooth_par_deteriorat__Sampon_300_spray_conditioner_200.webp\" \/>\n\t<meta property=\"og:image:width\" content=\"800\" \/>\n\t<meta property=\"og:image:height\" content=\"800\" \/>\n\t<meta property=\"og:image:type\" content=\"image\/webp\" \/>\n<meta name=\"twitter:card\" content=\"summary_large_image\" \/>\n<meta name=\"twitter:label1\" content=\"Est. reading time\" \/>\n\t<meta name=\"twitter:data1\" content=\"3 minutes\" \/>\n<script type=\"application\/ld+json\" class=\"yoast-schema-graph\">{\"@context\":\"https:\/\/schema.org\",\"@graph\":[{\"@type\":\"WebPage\",\"@id\":\"https:\/\/xiaomoxuan.ro\/product\/xiaomoxuan-set-arbore-de-ceai-de-baza-ultra-balancing\/\",\"url\":\"https:\/\/xiaomoxuan.ro\/product\/xiaomoxuan-set-arbore-de-ceai-de-baza-ultra-balancing\/\",\"name\":\"Xiaomoxuan Tea Tree Silky Smooth \u2013 \u0218ampon \u0219i Spray Conditioner f\u0103r\u0103 sulfa\u021bi\",\"isPartOf\":{\"@id\":\"https:\/\/xiaomoxuan.ro\/#website\"},\"primaryImageOfPage\":{\"@id\":\"https:\/\/xiaomoxuan.ro\/product\/xiaomoxuan-set-arbore-de-ceai-de-baza-ultra-balancing\/#primaryimage\"},\"image\":{\"@id\":\"https:\/\/xiaomoxuan.ro\/product\/xiaomoxuan-set-arbore-de-ceai-de-baza-ultra-balancing\/#primaryimage\"},\"thumbnailUrl\":\"https:\/\/xiaomoxuan.ro\/wp-content\/uploads\/2025\/07\/detalii_produse_82766_Pachet_Xiaomoxuan_SilkySmooth_par_deteriorat__Sampon_300_spray_conditioner_200.webp\",\"datePublished\":\"2025-11-30T22:26:18+00:00\",\"dateModified\":\"2026-04-23T17:56:58+00:00\",\"description\":\"Setul Xiaomoxuan Tea Tree Silky Smooth \u00ee\u021bi ofer\u0103 \u0219ampon \u0219i spray f\u0103r\u0103 sulfa\u021bi, hidratare intens\u0103 \u0219i protec\u021bie natural\u0103 pentru toate tipurile de p\u0103r.\",\"breadcrumb\":{\"@id\":\"https:\/\/xiaomoxuan.ro\/product\/xiaomoxuan-set-arbore-de-ceai-de-baza-ultra-balancing\/#breadcrumb\"},\"inLanguage\":\"en-US\",\"potentialAction\":[{\"@type\":\"ReadAction\",\"target\":[\"https:\/\/xiaomoxuan.ro\/product\/xiaomoxuan-set-arbore-de-ceai-de-baza-ultra-balancing\/\"]}]},{\"@type\":\"ImageObject\",\"inLanguage\":\"en-US\",\"@id\":\"https:\/\/xiaomoxuan.ro\/product\/xiaomoxuan-set-arbore-de-ceai-de-baza-ultra-balancing\/#primaryimage\",\"url\":\"https:\/\/xiaomoxuan.ro\/wp-content\/uploads\/2025\/07\/detalii_produse_82766_Pachet_Xiaomoxuan_SilkySmooth_par_deteriorat__Sampon_300_spray_conditioner_200.webp\",\"contentUrl\":\"https:\/\/xiaomoxuan.ro\/wp-content\/uploads\/2025\/07\/detalii_produse_82766_Pachet_Xiaomoxuan_SilkySmooth_par_deteriorat__Sampon_300_spray_conditioner_200.webp\",\"width\":800,\"height\":800},{\"@type\":\"BreadcrumbList\",\"@id\":\"https:\/\/xiaomoxuan.ro\/product\/xiaomoxuan-set-arbore-de-ceai-de-baza-ultra-balancing\/#breadcrumb\",\"itemListElement\":[{\"@type\":\"ListItem\",\"position\":1,\"name\":\"\u0413\u043b\u0430\u0432\u043d\u0430\u044f \u0441\u0442\u0440\u0430\u043d\u0438\u0446\u0430\",\"item\":\"https:\/\/xiaomoxuan.ro\/ro\/\"},{\"@type\":\"ListItem\",\"position\":2,\"name\":\"Magazin\",\"item\":\"https:\/\/xiaomoxuan.ro\/shop\/\"},{\"@type\":\"ListItem\",\"position\":3,\"name\":\"XIAOMOXUAN SET ARBORE DE CEAI DE BAZ\u0102 + ULTRA BALANCING\"}]},{\"@type\":\"WebSite\",\"@id\":\"https:\/\/xiaomoxuan.ro\/#website\",\"url\":\"https:\/\/xiaomoxuan.ro\/\",\"name\":\"Lumea cosmeticelor naturale Xiaomoxuan\",\"description\":\"\",\"publisher\":{\"@id\":\"https:\/\/xiaomoxuan.ro\/#organization\"},\"potentialAction\":[{\"@type\":\"SearchAction\",\"target\":{\"@type\":\"EntryPoint\",\"urlTemplate\":\"https:\/\/xiaomoxuan.ro\/?s={search_term_string}\"},\"query-input\":{\"@type\":\"PropertyValueSpecification\",\"valueRequired\":true,\"valueName\":\"search_term_string\"}}],\"inLanguage\":\"en-US\"},{\"@type\":\"Organization\",\"@id\":\"https:\/\/xiaomoxuan.ro\/#organization\",\"name\":\"Xiaomoxuan\",\"url\":\"https:\/\/xiaomoxuan.ro\/\",\"logo\":{\"@type\":\"ImageObject\",\"inLanguage\":\"en-US\",\"@id\":\"https:\/\/xiaomoxuan.ro\/#\/schema\/logo\/image\/\",\"url\":\"https:\/\/xiaomoxuan.ro\/wp-content\/uploads\/2024\/06\/green-logo.png\",\"contentUrl\":\"https:\/\/xiaomoxuan.ro\/wp-content\/uploads\/2024\/06\/green-logo.png\",\"width\":512,\"height\":512,\"caption\":\"Xiaomoxuan\"},\"image\":{\"@id\":\"https:\/\/xiaomoxuan.ro\/#\/schema\/logo\/image\/\"}}]}<\/script>\n<!-- \/ Yoast SEO Premium plugin. -->","yoast_head_json":{"title":"Xiaomoxuan Tea Tree Silky Smooth \u2013 \u0218ampon \u0219i Spray Conditioner f\u0103r\u0103 sulfa\u021bi","description":"Setul Xiaomoxuan Tea Tree Silky Smooth \u00ee\u021bi ofer\u0103 \u0219ampon \u0219i spray f\u0103r\u0103 sulfa\u021bi, hidratare intens\u0103 \u0219i protec\u021bie natural\u0103 pentru toate tipurile de p\u0103r.","robots":{"index":"index","follow":"follow","max-snippet":"max-snippet:-1","max-image-preview":"max-image-preview:large","max-video-preview":"max-video-preview:-1"},"canonical":"https:\/\/xiaomoxuan.ro\/en\/product\/xiaomoxuan-set-arbore-de-ceai-de-baza-ultra-balancing\/","og_locale":"en_US","og_type":"article","og_title":"XIAOMOXUAN SET ARBORE DE CEAI DE BAZ\u0102 + ULTRA BALANCING","og_description":"Setul Xiaomoxuan Tea Tree Silky Smooth \u00ee\u021bi ofer\u0103 \u0219ampon \u0219i spray f\u0103r\u0103 sulfa\u021bi, hidratare intens\u0103 \u0219i protec\u021bie natural\u0103 pentru toate tipurile de p\u0103r.","og_url":"https:\/\/xiaomoxuan.ro\/en\/product\/xiaomoxuan-set-arbore-de-ceai-de-baza-ultra-balancing\/","og_site_name":"Lumea cosmeticelor naturale Xiaomoxuan","article_modified_time":"2026-04-23T17:56:58+00:00","og_image":[{"width":800,"height":800,"url":"https:\/\/xiaomoxuan.ro\/wp-content\/uploads\/2025\/07\/detalii_produse_82766_Pachet_Xiaomoxuan_SilkySmooth_par_deteriorat__Sampon_300_spray_conditioner_200.webp","type":"image\/webp"}],"twitter_card":"summary_large_image","twitter_misc":{"Est. reading time":"3 minutes"},"schema":{"@context":"https:\/\/schema.org","@graph":[{"@type":"WebPage","@id":"https:\/\/xiaomoxuan.ro\/product\/xiaomoxuan-set-arbore-de-ceai-de-baza-ultra-balancing\/","url":"https:\/\/xiaomoxuan.ro\/product\/xiaomoxuan-set-arbore-de-ceai-de-baza-ultra-balancing\/","name":"Xiaomoxuan Tea Tree Silky Smooth \u2013 \u0218ampon \u0219i Spray Conditioner f\u0103r\u0103 sulfa\u021bi","isPartOf":{"@id":"https:\/\/xiaomoxuan.ro\/#website"},"primaryImageOfPage":{"@id":"https:\/\/xiaomoxuan.ro\/product\/xiaomoxuan-set-arbore-de-ceai-de-baza-ultra-balancing\/#primaryimage"},"image":{"@id":"https:\/\/xiaomoxuan.ro\/product\/xiaomoxuan-set-arbore-de-ceai-de-baza-ultra-balancing\/#primaryimage"},"thumbnailUrl":"https:\/\/xiaomoxuan.ro\/wp-content\/uploads\/2025\/07\/detalii_produse_82766_Pachet_Xiaomoxuan_SilkySmooth_par_deteriorat__Sampon_300_spray_conditioner_200.webp","datePublished":"2025-11-30T22:26:18+00:00","dateModified":"2026-04-23T17:56:58+00:00","description":"Setul Xiaomoxuan Tea Tree Silky Smooth \u00ee\u021bi ofer\u0103 \u0219ampon \u0219i spray f\u0103r\u0103 sulfa\u021bi, hidratare intens\u0103 \u0219i protec\u021bie natural\u0103 pentru toate tipurile de p\u0103r.","breadcrumb":{"@id":"https:\/\/xiaomoxuan.ro\/product\/xiaomoxuan-set-arbore-de-ceai-de-baza-ultra-balancing\/#breadcrumb"},"inLanguage":"en-US","potentialAction":[{"@type":"ReadAction","target":["https:\/\/xiaomoxuan.ro\/product\/xiaomoxuan-set-arbore-de-ceai-de-baza-ultra-balancing\/"]}]},{"@type":"ImageObject","inLanguage":"en-US","@id":"https:\/\/xiaomoxuan.ro\/product\/xiaomoxuan-set-arbore-de-ceai-de-baza-ultra-balancing\/#primaryimage","url":"https:\/\/xiaomoxuan.ro\/wp-content\/uploads\/2025\/07\/detalii_produse_82766_Pachet_Xiaomoxuan_SilkySmooth_par_deteriorat__Sampon_300_spray_conditioner_200.webp","contentUrl":"https:\/\/xiaomoxuan.ro\/wp-content\/uploads\/2025\/07\/detalii_produse_82766_Pachet_Xiaomoxuan_SilkySmooth_par_deteriorat__Sampon_300_spray_conditioner_200.webp","width":800,"height":800},{"@type":"BreadcrumbList","@id":"https:\/\/xiaomoxuan.ro\/product\/xiaomoxuan-set-arbore-de-ceai-de-baza-ultra-balancing\/#breadcrumb","itemListElement":[{"@type":"ListItem","position":1,"name":"\u0413\u043b\u0430\u0432\u043d\u0430\u044f \u0441\u0442\u0440\u0430\u043d\u0438\u0446\u0430","item":"https:\/\/xiaomoxuan.ro\/ro\/"},{"@type":"ListItem","position":2,"name":"Magazin","item":"https:\/\/xiaomoxuan.ro\/shop\/"},{"@type":"ListItem","position":3,"name":"XIAOMOXUAN SET ARBORE DE CEAI DE BAZ\u0102 + ULTRA BALANCING"}]},{"@type":"WebSite","@id":"https:\/\/xiaomoxuan.ro\/#website","url":"https:\/\/xiaomoxuan.ro\/","name":"Lumea cosmeticelor naturale Xiaomoxuan","description":"","publisher":{"@id":"https:\/\/xiaomoxuan.ro\/#organization"},"potentialAction":[{"@type":"SearchAction","target":{"@type":"EntryPoint","urlTemplate":"https:\/\/xiaomoxuan.ro\/?s={search_term_string}"},"query-input":{"@type":"PropertyValueSpecification","valueRequired":true,"valueName":"search_term_string"}}],"inLanguage":"en-US"},{"@type":"Organization","@id":"https:\/\/xiaomoxuan.ro\/#organization","name":"Xiaomoxuan","url":"https:\/\/xiaomoxuan.ro\/","logo":{"@type":"ImageObject","inLanguage":"en-US","@id":"https:\/\/xiaomoxuan.ro\/#\/schema\/logo\/image\/","url":"https:\/\/xiaomoxuan.ro\/wp-content\/uploads\/2024\/06\/green-logo.png","contentUrl":"https:\/\/xiaomoxuan.ro\/wp-content\/uploads\/2024\/06\/green-logo.png","width":512,"height":512,"caption":"Xiaomoxuan"},"image":{"@id":"https:\/\/xiaomoxuan.ro\/#\/schema\/logo\/image\/"}}]}},"_links":{"self":[{"href":"https:\/\/xiaomoxuan.ro\/en\/wp-json\/wp\/v2\/product\/22153","targetHints":{"allow":["GET"]}}],"collection":[{"href":"https:\/\/xiaomoxuan.ro\/en\/wp-json\/wp\/v2\/product"}],"about":[{"href":"https:\/\/xiaomoxuan.ro\/en\/wp-json\/wp\/v2\/types\/product"}],"replies":[{"embeddable":true,"href":"https:\/\/xiaomoxuan.ro\/en\/wp-json\/wp\/v2\/comments?post=22153"}],"version-history":[{"count":1,"href":"https:\/\/xiaomoxuan.ro\/en\/wp-json\/wp\/v2\/product\/22153\/revisions"}],"predecessor-version":[{"id":24937,"href":"https:\/\/xiaomoxuan.ro\/en\/wp-json\/wp\/v2\/product\/22153\/revisions\/24937"}],"wp:featuredmedia":[{"embeddable":true,"href":"https:\/\/xiaomoxuan.ro\/en\/wp-json\/wp\/v2\/media\/19011"}],"wp:attachment":[{"href":"https:\/\/xiaomoxuan.ro\/en\/wp-json\/wp\/v2\/media?parent=22153"}],"wp:term":[{"taxonomy":"product_brand","embeddable":true,"href":"https:\/\/xiaomoxuan.ro\/en\/wp-json\/wp\/v2\/product_brand?post=22153"},{"taxonomy":"product_cat","embeddable":true,"href":"https:\/\/xiaomoxuan.ro\/en\/wp-json\/wp\/v2\/product_cat?post=22153"},{"taxonomy":"product_tag","embeddable":true,"href":"https:\/\/xiaomoxuan.ro\/en\/wp-json\/wp\/v2\/product_tag?post=22153"}],"curies":[{"name":"wp","href":"https:\/\/api.w.org\/{rel}","templated":true}]}}