{"id":6646,"date":"2023-08-29T22:18:21","date_gmt":"2023-08-29T19:18:21","guid":{"rendered":"https:\/\/xiaomoxuan.ro\/?post_type=product&#038;p=6646"},"modified":"2026-05-07T12:39:09","modified_gmt":"2026-05-07T10:39:09","slug":"sapun-crema-organica","status":"publish","type":"product","link":"https:\/\/xiaomoxuan.ro\/en\/product\/sapun-crema-organica\/","title":{"rendered":"ORGANIC CREAM SOAP FOR BODY AND FACE 500ml"},"content":{"rendered":"<p style=\"display: none;\">S\u0103pun<\/p>\n<p class=\"p1\"><b>Xiaomoxuan Organic Creme Body Wash 500ml<\/b><\/p>\n<p class=\"p1\"><strong><br \/>\nSULPHATE-FREE, PARABEN-FREE AND DYE-FREE<\/strong><\/p>\n<p><a style=\"color: #555;\" href=\"https:\/\/xiaomoxuan.ro\/en\/product\/sapun-crema-organica-pentru-corp-si-fata\/\">Xiaomoxuan Organic Liquid Soap<\/a> Xiaomoxuan Organic Liquid Soap for body and face is made with plant-based cleansing ingredients from organic macadamia oil. The natural composition of the creamy foam gently cleanses and hydrates the skin. Developed based on Xiaomoxuan\u2019s strict organic standards, 85% of the formula consists of natural ingredients. It contains no silicones, parabens, synthetic dyes, mineral oils, or animal-derived ingredients. Restores skin elasticity and firmness. Visibly hydrates the skin.<\/p>\n<h4 class=\"p1\" style=\"color: #555;\"><strong>Ingredients<\/strong>:<\/h4>\n<ul>\n<li class=\"p1\">Aqua with infusions of Sapindus Mukorossi Fruit Extract (Soap Nut Extract), Organic Macadamia Ternifolia Seed Oil (Organic Macadamia Oil), Organic Linum Usitatissimum Seed Oil (Organic Flax Oil), Organic Olea Europaea Fruit Oil (Organic Olive Oil), Organic Zingiber Officinalis Root Extract (organic ginger extract); Sodium Coco-Sulfate (surfactant based on coconut oil), Glycerin (vegetable glycerin), Hydrolyzed Milk Protein (milk proteins), Decyl Glucoside (surfactant based on coconut oil and glucose), Cocamidopropyl Betaine (surfactant based on coconut oil), Tocopherol ( vitamin E), Sodium Chloride (salt), Citric Acid (citric acid), Benzyl Alcohol (jasmine and clove oil preservative), Benzoic Acid (lingonberry food preservative), Sorbic Acid (cranberry food preservative), Parfum ( natural perfume composition); CI 77491, CI 77492, CI 77499 (colours of mineral origin)<\/li>\n<\/ul>\n<p class=\"p1\"><strong>How to use<\/strong>:<\/p>\n<ul>\n<li class=\"p1\">Apply the required amount of soap to the body, lather, rinse thoroughly.<\/li>\n<\/ul>\n<p class=\"p1\"><strong>Precautions<\/strong>:<\/p>\n<ul>\n<li class=\"p1\">Do not use in the presence of wounds, eczema or other skin changes. Avoid contact with eyes. Avoid direct exposure to sunlight, extremely high and low temperatures, high humidity. Keep out of reach of children. The soap contains vegetable components, so its colour may change, which does not affect the quality of the product.<\/li>\n<\/ul>\n<p class=\"p1\"><strong>Storage conditions<\/strong>:<\/p>\n<ul>\n<li class=\"p1\">Store at temperatures between +5C and +30C<\/li>\n<\/ul>\n<p class=\"p1\"><strong>Precautions<\/strong>:<\/p>\n<ul>\n<li class=\"p1\">In case of contact with eyes, rinse with plenty of water.<\/li>\n<li class=\"p1\">Keep out of reach of children.<\/li>\n<\/ul>\n<div style=\"display: flex; border-radius: 15px; align-items: center; gap: 15px; justify-content: center;\">\n<p><strong>Images\/Video<\/strong><\/p>\n<p><a href=\"https:\/\/www.instagram.com\/p\/C7cFdsbsYWv\/\"><img decoding=\"async\" class=\"wp-image-9868\" style=\"border-radius: 10px; border: transparent;\" src=\"https:\/\/xiaomoxuan.ro\/wp-content\/uploads\/2023\/09\/instagram.svg\" alt=\"\" width=\"30\" height=\"30\" \/><\/a><\/p>\n<\/div>","protected":false},"excerpt":{"rendered":"<p>XIAOMOXUAN Organic Macadamia Oil Cream Body and Face Soap<\/p>","protected":false},"featured_media":7508,"comment_status":"open","ping_status":"closed","template":"","meta":[],"product_brand":[],"product_cat":[60],"product_tag":[],"class_list":{"0":"post-6646","1":"product","2":"type-product","3":"status-publish","4":"has-post-thumbnail","6":"product_cat-sapun","9":"instock","10":"taxable","11":"shipping-taxable","12":"purchasable","13":"product-type-simple"},"yoast_head":"<!-- This site is optimized with the Yoast SEO Premium plugin v26.9 (Yoast SEO v26.9) - https:\/\/yoast.com\/product\/yoast-seo-premium-wordpress\/ -->\n<title>S\u0102PUN CREM\u0102 ORGANIC\u0102 PENTRU CORP \u0218I FA\u021a\u0102 550 ml - Lumea cosmeticelor naturale Xiaomoxuan<\/title>\n<meta name=\"description\" content=\"S\u0103punul lichid organic Xiaomoxuan pentru corp \u0219i fa\u021b\u0103 este creat pe baza ingredientelor de cur\u0103\u021bare pe baz\u0103 de plante din ulei de macadamia organic.\" \/>\n<meta name=\"robots\" content=\"index, follow, max-snippet:-1, max-image-preview:large, max-video-preview:-1\" \/>\n<link rel=\"canonical\" href=\"https:\/\/xiaomoxuan.ro\/en\/product\/sapun-crema-organica\/\" \/>\n<meta property=\"og:locale\" content=\"en_US\" \/>\n<meta property=\"og:type\" content=\"article\" \/>\n<meta property=\"og:title\" content=\"S\u0102PUN CREM\u0102 ORGANIC\u0102 PENTRU CORP \u0218I FA\u021a\u0102 550 ml\" \/>\n<meta property=\"og:description\" content=\"S\u0103punul lichid organic Xiaomoxuan pentru corp \u0219i fa\u021b\u0103 este creat pe baza ingredientelor de cur\u0103\u021bare pe baz\u0103 de plante din ulei de macadamia organic.\" \/>\n<meta property=\"og:url\" content=\"https:\/\/xiaomoxuan.ro\/en\/product\/sapun-crema-organica\/\" \/>\n<meta property=\"og:site_name\" content=\"Lumea cosmeticelor naturale Xiaomoxuan\" \/>\n<meta property=\"article:modified_time\" content=\"2026-05-07T10:39:09+00:00\" \/>\n<meta property=\"og:image\" content=\"https:\/\/xiaomoxuan.ro\/wp-content\/uploads\/2023\/08\/7_e39beb6d-cfe1-4319-af74-f34beeb572a5.webp\" \/>\n\t<meta property=\"og:image:width\" content=\"1080\" \/>\n\t<meta property=\"og:image:height\" content=\"1080\" \/>\n\t<meta property=\"og:image:type\" content=\"image\/webp\" \/>\n<meta name=\"twitter:card\" content=\"summary_large_image\" \/>\n<meta name=\"twitter:label1\" content=\"Est. reading time\" \/>\n\t<meta name=\"twitter:data1\" content=\"3 minutes\" \/>\n<script type=\"application\/ld+json\" class=\"yoast-schema-graph\">{\"@context\":\"https:\/\/schema.org\",\"@graph\":[{\"@type\":\"WebPage\",\"@id\":\"https:\/\/xiaomoxuan.ro\/product\/sapun-crema-organica\/\",\"url\":\"https:\/\/xiaomoxuan.ro\/product\/sapun-crema-organica\/\",\"name\":\"S\u0102PUN CREM\u0102 ORGANIC\u0102 PENTRU CORP \u0218I FA\u021a\u0102 550 ml - Lumea cosmeticelor naturale Xiaomoxuan\",\"isPartOf\":{\"@id\":\"https:\/\/xiaomoxuan.ro\/#website\"},\"primaryImageOfPage\":{\"@id\":\"https:\/\/xiaomoxuan.ro\/product\/sapun-crema-organica\/#primaryimage\"},\"image\":{\"@id\":\"https:\/\/xiaomoxuan.ro\/product\/sapun-crema-organica\/#primaryimage\"},\"thumbnailUrl\":\"https:\/\/xiaomoxuan.ro\/wp-content\/uploads\/2023\/08\/7_e39beb6d-cfe1-4319-af74-f34beeb572a5.webp\",\"datePublished\":\"2023-08-29T19:18:21+00:00\",\"dateModified\":\"2026-05-07T10:39:09+00:00\",\"description\":\"S\u0103punul lichid organic Xiaomoxuan pentru corp \u0219i fa\u021b\u0103 este creat pe baza ingredientelor de cur\u0103\u021bare pe baz\u0103 de plante din ulei de macadamia organic.\",\"breadcrumb\":{\"@id\":\"https:\/\/xiaomoxuan.ro\/product\/sapun-crema-organica\/#breadcrumb\"},\"inLanguage\":\"en-US\",\"potentialAction\":[{\"@type\":\"ReadAction\",\"target\":[\"https:\/\/xiaomoxuan.ro\/product\/sapun-crema-organica\/\"]}]},{\"@type\":\"ImageObject\",\"inLanguage\":\"en-US\",\"@id\":\"https:\/\/xiaomoxuan.ro\/product\/sapun-crema-organica\/#primaryimage\",\"url\":\"https:\/\/xiaomoxuan.ro\/wp-content\/uploads\/2023\/08\/7_e39beb6d-cfe1-4319-af74-f34beeb572a5.webp\",\"contentUrl\":\"https:\/\/xiaomoxuan.ro\/wp-content\/uploads\/2023\/08\/7_e39beb6d-cfe1-4319-af74-f34beeb572a5.webp\",\"width\":1080,\"height\":1080,\"caption\":\"42\"},{\"@type\":\"BreadcrumbList\",\"@id\":\"https:\/\/xiaomoxuan.ro\/product\/sapun-crema-organica\/#breadcrumb\",\"itemListElement\":[{\"@type\":\"ListItem\",\"position\":1,\"name\":\"\u0413\u043b\u0430\u0432\u043d\u0430\u044f \u0441\u0442\u0440\u0430\u043d\u0438\u0446\u0430\",\"item\":\"https:\/\/xiaomoxuan.ro\/ro\/\"},{\"@type\":\"ListItem\",\"position\":2,\"name\":\"Magazin\",\"item\":\"https:\/\/xiaomoxuan.ro\/shop\/\"},{\"@type\":\"ListItem\",\"position\":3,\"name\":\"S\u0102PUN CREM\u0102 ORGANIC\u0102 PENTRU CORP \u0218I FA\u021a\u0102 550 ml\"}]},{\"@type\":\"WebSite\",\"@id\":\"https:\/\/xiaomoxuan.ro\/#website\",\"url\":\"https:\/\/xiaomoxuan.ro\/\",\"name\":\"Lumea cosmeticelor naturale Xiaomoxuan\",\"description\":\"\",\"publisher\":{\"@id\":\"https:\/\/xiaomoxuan.ro\/#organization\"},\"potentialAction\":[{\"@type\":\"SearchAction\",\"target\":{\"@type\":\"EntryPoint\",\"urlTemplate\":\"https:\/\/xiaomoxuan.ro\/?s={search_term_string}\"},\"query-input\":{\"@type\":\"PropertyValueSpecification\",\"valueRequired\":true,\"valueName\":\"search_term_string\"}}],\"inLanguage\":\"en-US\"},{\"@type\":\"Organization\",\"@id\":\"https:\/\/xiaomoxuan.ro\/#organization\",\"name\":\"Xiaomoxuan\",\"url\":\"https:\/\/xiaomoxuan.ro\/\",\"logo\":{\"@type\":\"ImageObject\",\"inLanguage\":\"en-US\",\"@id\":\"https:\/\/xiaomoxuan.ro\/#\/schema\/logo\/image\/\",\"url\":\"https:\/\/xiaomoxuan.ro\/wp-content\/uploads\/2024\/06\/green-logo.png\",\"contentUrl\":\"https:\/\/xiaomoxuan.ro\/wp-content\/uploads\/2024\/06\/green-logo.png\",\"width\":512,\"height\":512,\"caption\":\"Xiaomoxuan\"},\"image\":{\"@id\":\"https:\/\/xiaomoxuan.ro\/#\/schema\/logo\/image\/\"}}]}<\/script>\n<!-- \/ Yoast SEO Premium plugin. -->","yoast_head_json":{"title":"S\u0102PUN CREM\u0102 ORGANIC\u0102 PENTRU CORP \u0218I FA\u021a\u0102 550 ml - Lumea cosmeticelor naturale Xiaomoxuan","description":"S\u0103punul lichid organic Xiaomoxuan pentru corp \u0219i fa\u021b\u0103 este creat pe baza ingredientelor de cur\u0103\u021bare pe baz\u0103 de plante din ulei de macadamia organic.","robots":{"index":"index","follow":"follow","max-snippet":"max-snippet:-1","max-image-preview":"max-image-preview:large","max-video-preview":"max-video-preview:-1"},"canonical":"https:\/\/xiaomoxuan.ro\/en\/product\/sapun-crema-organica\/","og_locale":"en_US","og_type":"article","og_title":"S\u0102PUN CREM\u0102 ORGANIC\u0102 PENTRU CORP \u0218I FA\u021a\u0102 550 ml","og_description":"S\u0103punul lichid organic Xiaomoxuan pentru corp \u0219i fa\u021b\u0103 este creat pe baza ingredientelor de cur\u0103\u021bare pe baz\u0103 de plante din ulei de macadamia organic.","og_url":"https:\/\/xiaomoxuan.ro\/en\/product\/sapun-crema-organica\/","og_site_name":"Lumea cosmeticelor naturale Xiaomoxuan","article_modified_time":"2026-05-07T10:39:09+00:00","og_image":[{"width":1080,"height":1080,"url":"https:\/\/xiaomoxuan.ro\/wp-content\/uploads\/2023\/08\/7_e39beb6d-cfe1-4319-af74-f34beeb572a5.webp","type":"image\/webp"}],"twitter_card":"summary_large_image","twitter_misc":{"Est. reading time":"3 minutes"},"schema":{"@context":"https:\/\/schema.org","@graph":[{"@type":"WebPage","@id":"https:\/\/xiaomoxuan.ro\/product\/sapun-crema-organica\/","url":"https:\/\/xiaomoxuan.ro\/product\/sapun-crema-organica\/","name":"S\u0102PUN CREM\u0102 ORGANIC\u0102 PENTRU CORP \u0218I FA\u021a\u0102 550 ml - Lumea cosmeticelor naturale Xiaomoxuan","isPartOf":{"@id":"https:\/\/xiaomoxuan.ro\/#website"},"primaryImageOfPage":{"@id":"https:\/\/xiaomoxuan.ro\/product\/sapun-crema-organica\/#primaryimage"},"image":{"@id":"https:\/\/xiaomoxuan.ro\/product\/sapun-crema-organica\/#primaryimage"},"thumbnailUrl":"https:\/\/xiaomoxuan.ro\/wp-content\/uploads\/2023\/08\/7_e39beb6d-cfe1-4319-af74-f34beeb572a5.webp","datePublished":"2023-08-29T19:18:21+00:00","dateModified":"2026-05-07T10:39:09+00:00","description":"S\u0103punul lichid organic Xiaomoxuan pentru corp \u0219i fa\u021b\u0103 este creat pe baza ingredientelor de cur\u0103\u021bare pe baz\u0103 de plante din ulei de macadamia organic.","breadcrumb":{"@id":"https:\/\/xiaomoxuan.ro\/product\/sapun-crema-organica\/#breadcrumb"},"inLanguage":"en-US","potentialAction":[{"@type":"ReadAction","target":["https:\/\/xiaomoxuan.ro\/product\/sapun-crema-organica\/"]}]},{"@type":"ImageObject","inLanguage":"en-US","@id":"https:\/\/xiaomoxuan.ro\/product\/sapun-crema-organica\/#primaryimage","url":"https:\/\/xiaomoxuan.ro\/wp-content\/uploads\/2023\/08\/7_e39beb6d-cfe1-4319-af74-f34beeb572a5.webp","contentUrl":"https:\/\/xiaomoxuan.ro\/wp-content\/uploads\/2023\/08\/7_e39beb6d-cfe1-4319-af74-f34beeb572a5.webp","width":1080,"height":1080,"caption":"42"},{"@type":"BreadcrumbList","@id":"https:\/\/xiaomoxuan.ro\/product\/sapun-crema-organica\/#breadcrumb","itemListElement":[{"@type":"ListItem","position":1,"name":"\u0413\u043b\u0430\u0432\u043d\u0430\u044f \u0441\u0442\u0440\u0430\u043d\u0438\u0446\u0430","item":"https:\/\/xiaomoxuan.ro\/ro\/"},{"@type":"ListItem","position":2,"name":"Magazin","item":"https:\/\/xiaomoxuan.ro\/shop\/"},{"@type":"ListItem","position":3,"name":"S\u0102PUN CREM\u0102 ORGANIC\u0102 PENTRU CORP \u0218I FA\u021a\u0102 550 ml"}]},{"@type":"WebSite","@id":"https:\/\/xiaomoxuan.ro\/#website","url":"https:\/\/xiaomoxuan.ro\/","name":"Lumea cosmeticelor naturale Xiaomoxuan","description":"","publisher":{"@id":"https:\/\/xiaomoxuan.ro\/#organization"},"potentialAction":[{"@type":"SearchAction","target":{"@type":"EntryPoint","urlTemplate":"https:\/\/xiaomoxuan.ro\/?s={search_term_string}"},"query-input":{"@type":"PropertyValueSpecification","valueRequired":true,"valueName":"search_term_string"}}],"inLanguage":"en-US"},{"@type":"Organization","@id":"https:\/\/xiaomoxuan.ro\/#organization","name":"Xiaomoxuan","url":"https:\/\/xiaomoxuan.ro\/","logo":{"@type":"ImageObject","inLanguage":"en-US","@id":"https:\/\/xiaomoxuan.ro\/#\/schema\/logo\/image\/","url":"https:\/\/xiaomoxuan.ro\/wp-content\/uploads\/2024\/06\/green-logo.png","contentUrl":"https:\/\/xiaomoxuan.ro\/wp-content\/uploads\/2024\/06\/green-logo.png","width":512,"height":512,"caption":"Xiaomoxuan"},"image":{"@id":"https:\/\/xiaomoxuan.ro\/#\/schema\/logo\/image\/"}}]}},"_links":{"self":[{"href":"https:\/\/xiaomoxuan.ro\/en\/wp-json\/wp\/v2\/product\/6646","targetHints":{"allow":["GET"]}}],"collection":[{"href":"https:\/\/xiaomoxuan.ro\/en\/wp-json\/wp\/v2\/product"}],"about":[{"href":"https:\/\/xiaomoxuan.ro\/en\/wp-json\/wp\/v2\/types\/product"}],"replies":[{"embeddable":true,"href":"https:\/\/xiaomoxuan.ro\/en\/wp-json\/wp\/v2\/comments?post=6646"}],"version-history":[{"count":1,"href":"https:\/\/xiaomoxuan.ro\/en\/wp-json\/wp\/v2\/product\/6646\/revisions"}],"predecessor-version":[{"id":24628,"href":"https:\/\/xiaomoxuan.ro\/en\/wp-json\/wp\/v2\/product\/6646\/revisions\/24628"}],"wp:featuredmedia":[{"embeddable":true,"href":"https:\/\/xiaomoxuan.ro\/en\/wp-json\/wp\/v2\/media\/7508"}],"wp:attachment":[{"href":"https:\/\/xiaomoxuan.ro\/en\/wp-json\/wp\/v2\/media?parent=6646"}],"wp:term":[{"taxonomy":"product_brand","embeddable":true,"href":"https:\/\/xiaomoxuan.ro\/en\/wp-json\/wp\/v2\/product_brand?post=6646"},{"taxonomy":"product_cat","embeddable":true,"href":"https:\/\/xiaomoxuan.ro\/en\/wp-json\/wp\/v2\/product_cat?post=6646"},{"taxonomy":"product_tag","embeddable":true,"href":"https:\/\/xiaomoxuan.ro\/en\/wp-json\/wp\/v2\/product_tag?post=6646"}],"curies":[{"name":"wp","href":"https:\/\/api.w.org\/{rel}","templated":true}]}}