{"id":6697,"date":"2023-08-29T22:54:24","date_gmt":"2023-08-29T19:54:24","guid":{"rendered":"https:\/\/xiaomoxuan.ro\/?post_type=product&#038;p=6697"},"modified":"2026-05-14T06:33:09","modified_gmt":"2026-05-14T04:33:09","slug":"masca-collagen-550-ml","status":"publish","type":"product","link":"https:\/\/xiaomoxuan.ro\/en\/product\/masca-collagen-550-ml\/","title":{"rendered":"Xiaomoxuan Collagen Mask 550ml"},"content":{"rendered":"<div data-elementor-type=\"product-post\" data-elementor-id=\"6697\" class=\"elementor elementor-6697\">\n\t\t\t\t\t\t<section class=\"elementor-section elementor-top-section elementor-element elementor-element-629fb272 elementor-section-boxed elementor-section-height-default elementor-section-height-default\" data-id=\"629fb272\" data-element_type=\"section\">\n\t\t\t\t\t\t<div class=\"elementor-container elementor-column-gap-default\">\n\t\t\t\t\t<div class=\"elementor-column elementor-col-100 elementor-top-column elementor-element elementor-element-5a9d3e01\" data-id=\"5a9d3e01\" data-element_type=\"column\">\n\t\t\t<div class=\"elementor-widget-wrap elementor-element-populated\">\n\t\t\t\t\t\t<div class=\"elementor-element elementor-element-71a1a406 elementor-widget elementor-widget-text-editor\" data-id=\"71a1a406\" data-element_type=\"widget\" data-widget_type=\"text-editor.default\">\n\t\t\t\t<div class=\"elementor-widget-container\">\n\t\t\t\t\t\t\t\t\t<div data-id=\"d5d6d94\" data-element_type=\"widget\" data-widget_type=\"woocommerce-product-content.default\"><div data-id=\"d5d6d94\" data-element_type=\"widget\" data-widget_type=\"woocommerce-product-content.default\"><div class=\"elementor-element elementor-element-d5d6d94 elementor-widget elementor-widget-woocommerce-product-content\" data-id=\"d5d6d94\" data-element_type=\"widget\" data-widget_type=\"woocommerce-product-content.default\"><div class=\"elementor-widget-container\"><div class=\"elementor-element elementor-element-d5d6d94 elementor-widget elementor-widget-woocommerce-product-content\" data-id=\"d5d6d94\" data-element_type=\"widget\" data-widget_type=\"woocommerce-product-content.default\"><div class=\"elementor-widget-container\"><div class=\"elementor-element elementor-element-d5d6d94 elementor-widget elementor-widget-woocommerce-product-content\" data-id=\"d5d6d94\" data-element_type=\"widget\" data-widget_type=\"woocommerce-product-content.default\"><div class=\"elementor-widget-container\"><div class=\"elementor-element elementor-element-d5d6d94 elementor-widget elementor-widget-woocommerce-product-content\" data-id=\"d5d6d94\" data-element_type=\"widget\" data-widget_type=\"woocommerce-product-content.default\"><div class=\"elementor-widget-container\"><div class=\"elementor-element elementor-element-d5d6d94 elementor-widget elementor-widget-woocommerce-product-content\" data-id=\"d5d6d94\" data-element_type=\"widget\" data-widget_type=\"woocommerce-product-content.default\"><div class=\"elementor-widget-container\"><div class=\"elementor-element elementor-element-d5d6d94 elementor-widget elementor-widget-woocommerce-product-content\" data-id=\"d5d6d94\" data-element_type=\"widget\" data-widget_type=\"woocommerce-product-content.default\"><div class=\"elementor-widget-container\"><div class=\"elementor-element elementor-element-d5d6d94 elementor-widget elementor-widget-woocommerce-product-content\" data-id=\"d5d6d94\" data-element_type=\"widget\" data-widget_type=\"woocommerce-product-content.default\"><div class=\"elementor-widget-container\"><div class=\"elementor-element elementor-element-d5d6d94 elementor-widget elementor-widget-woocommerce-product-content\" data-id=\"d5d6d94\" data-element_type=\"widget\" data-widget_type=\"woocommerce-product-content.default\"><div class=\"elementor-widget-container\"><p><b>Xiaomoxuan Collagen Hair Mask 550 ml<\/b><br \/><br \/>We present to your attention a unique formula of Xiaomoxuan hair mask \u201cTea Tree with COLLAGEN\u201d. The new <a style=\"color: #555;\" href=\"https:\/\/xiaomoxuan.ro\/en\/product\/masca-de-collagen-new\/\">Xiaomoxuan Collagen Mask<\/a> Helps with express repair and hydration of the hair, completely replacing expensive salon treatments. The product\u2019s main task is to effectively restore the internal structure of damaged hair from the very first use of the mask.<\/p><ul><li>Complete hair restoration after dyeing and perm.<\/li><li>Makes brushing easier.<\/li><li class=\"p1\">Stimulates hair growth.<\/li><li class=\"p1\">Removes excessive brittleness.<\/li><li class=\"p1\">Resilience of hooking.<\/li><li class=\"p1\">Effective reduction of electrification.<\/li><li class=\"p1\">Natural shine.<\/li><li class=\"p1\">Maximum hydration.<\/li><li class=\"p1\">New Collagen Mask has an amazing citrus scent, not only will you be delighted with the effective hair restoration result, but the calming citrus scent will not leave you indifferent. Your hair will have a healthy, mirror-like shine after the first use.<\/li><\/ul><p class=\"p1\"><strong>METHOD OF APPLICATION:<\/strong><\/p><ul><li class=\"p1\">After washing your hair, apply 15-30ml of the mask to damp hair (not wet). Spread the mask evenly through the hair from roots to ends. Wait 5-7 minutes. Then rinse with lukewarm water, blot wet hair with a towel, then comb the wet hair from the ends to the top. Blow dry or let your hair dry naturally.<\/li><\/ul><p class=\"p1\"><strong>Ingredients<\/strong>:<\/p><ul><li>Aqua, collagen, natural tea tree leaf base, specializing in hair care milk, clear acid, natural plant amino acids, cetearyl, hydroxyphenylpropionate, hydroxyethylfibil, cerachloride, Polyether10, sodium lectate, PCA, disodium edta, flavor.<\/li><\/ul><p class=\"p1\"><strong>Storage conditions<\/strong> :<\/p><ul><li class=\"p1\">Store at temperatures between +5C and +30C<\/li><\/ul><p class=\"p1\"><strong>Precautions<\/strong>:<\/p><ul><li class=\"p1\">In case of contact with eyes, rinse with plenty of water.<\/li><li class=\"p1\">Keep out of reach of children.<\/li><\/ul><\/div><\/div><\/div><\/div><\/div><\/div><\/div><\/div><\/div><\/div><\/div><\/div><\/div><\/div><\/div><\/div><\/div><\/div><div style=\"display: flex; border-radius: 15px; align-items: center; gap: 15px; justify-content: center;\"><p><strong>Images\/Video<\/strong><\/p><p><a href=\"https:\/\/www.instagram.com\/reel\/C7HV3uJMHua\/?igsh=Z2Q0bTQwNGRxMnh4\"><img decoding=\"async\" class=\"wp-image-9868\" style=\"border-radius: 10px; border: transparent;\" src=\"https:\/\/xiaomoxuan.ro\/wp-content\/uploads\/2023\/09\/instagram.svg\" alt=\"\" width=\"30\" height=\"30\" \/><\/a><\/p><\/div>\t\t\t\t\t\t\t\t<\/div>\n\t\t\t\t<\/div>\n\t\t\t\t\t<\/div>\n\t\t<\/div>\n\t\t\t\t\t<\/div>\n\t\t<\/section>\n\t\t\t\t<\/div>","protected":false},"excerpt":{"rendered":"<ul>\n<li>New collagen Xiaomoxuan.<\/li>\n<li>Express Restoration and hydration of hair.<\/li>\n<\/ul>","protected":false},"featured_media":7541,"comment_status":"open","ping_status":"closed","template":"","meta":[],"product_brand":[],"product_cat":[58],"product_tag":[],"class_list":{"0":"post-6697","1":"product","2":"type-product","3":"status-publish","4":"has-post-thumbnail","6":"product_cat-masti","9":"instock","10":"featured","11":"taxable","12":"shipping-taxable","13":"purchasable","14":"product-type-simple"},"yoast_head":"<!-- This site is optimized with the Yoast SEO Premium plugin v26.9 (Yoast SEO v26.9) - https:\/\/yoast.com\/product\/yoast-seo-premium-wordpress\/ -->\n<title>MASC\u0102 COLLAGEN 550 ml - Lumea cosmeticelor naturale Xiaomoxuan<\/title>\n<meta name=\"description\" content=\"Noua masc\u0103 colagen Xiaomoxuan ajut\u0103 la repararea \u0219i hidratarea expres\u0103 a p\u0103rului \u0219i \u00eenlocuie\u0219te complet \u00eengrijirea scump\u0103 de salon.\" \/>\n<meta name=\"robots\" content=\"index, follow, max-snippet:-1, max-image-preview:large, max-video-preview:-1\" \/>\n<link rel=\"canonical\" href=\"https:\/\/xiaomoxuan.ro\/en\/product\/masca-collagen-550-ml\/\" \/>\n<meta property=\"og:locale\" content=\"en_US\" \/>\n<meta property=\"og:type\" content=\"article\" \/>\n<meta property=\"og:title\" content=\"MASC\u0102 COLLAGEN 550 ml\" \/>\n<meta property=\"og:description\" content=\"Noua masc\u0103 colagen Xiaomoxuan ajut\u0103 la repararea \u0219i hidratarea expres\u0103 a p\u0103rului \u0219i \u00eenlocuie\u0219te complet \u00eengrijirea scump\u0103 de salon.\" \/>\n<meta property=\"og:url\" content=\"https:\/\/xiaomoxuan.ro\/en\/product\/masca-collagen-550-ml\/\" \/>\n<meta property=\"og:site_name\" content=\"Lumea cosmeticelor naturale Xiaomoxuan\" \/>\n<meta property=\"article:modified_time\" content=\"2026-05-14T04:33:09+00:00\" \/>\n<meta property=\"og:image\" content=\"https:\/\/xiaomoxuan.ro\/wp-content\/uploads\/2023\/08\/3_2b885520-6dce-4582-9163-b337c63a33e7.webp\" \/>\n\t<meta property=\"og:image:width\" content=\"1920\" \/>\n\t<meta property=\"og:image:height\" content=\"1920\" \/>\n\t<meta property=\"og:image:type\" content=\"image\/webp\" \/>\n<meta name=\"twitter:card\" content=\"summary_large_image\" \/>\n<meta name=\"twitter:label1\" content=\"Est. reading time\" \/>\n\t<meta name=\"twitter:data1\" content=\"2 minutes\" \/>\n<script type=\"application\/ld+json\" class=\"yoast-schema-graph\">{\"@context\":\"https:\/\/schema.org\",\"@graph\":[{\"@type\":\"WebPage\",\"@id\":\"https:\/\/xiaomoxuan.ro\/product\/masca-collagen-550-ml\/\",\"url\":\"https:\/\/xiaomoxuan.ro\/product\/masca-collagen-550-ml\/\",\"name\":\"MASC\u0102 COLLAGEN 550 ml - Lumea cosmeticelor naturale Xiaomoxuan\",\"isPartOf\":{\"@id\":\"https:\/\/xiaomoxuan.ro\/#website\"},\"primaryImageOfPage\":{\"@id\":\"https:\/\/xiaomoxuan.ro\/product\/masca-collagen-550-ml\/#primaryimage\"},\"image\":{\"@id\":\"https:\/\/xiaomoxuan.ro\/product\/masca-collagen-550-ml\/#primaryimage\"},\"thumbnailUrl\":\"https:\/\/xiaomoxuan.ro\/wp-content\/uploads\/2023\/08\/3_2b885520-6dce-4582-9163-b337c63a33e7.webp\",\"datePublished\":\"2023-08-29T19:54:24+00:00\",\"dateModified\":\"2026-05-14T04:33:09+00:00\",\"description\":\"Noua masc\u0103 colagen Xiaomoxuan ajut\u0103 la repararea \u0219i hidratarea expres\u0103 a p\u0103rului \u0219i \u00eenlocuie\u0219te complet \u00eengrijirea scump\u0103 de salon.\",\"breadcrumb\":{\"@id\":\"https:\/\/xiaomoxuan.ro\/product\/masca-collagen-550-ml\/#breadcrumb\"},\"inLanguage\":\"en-US\",\"potentialAction\":[{\"@type\":\"ReadAction\",\"target\":[\"https:\/\/xiaomoxuan.ro\/product\/masca-collagen-550-ml\/\"]}]},{\"@type\":\"ImageObject\",\"inLanguage\":\"en-US\",\"@id\":\"https:\/\/xiaomoxuan.ro\/product\/masca-collagen-550-ml\/#primaryimage\",\"url\":\"https:\/\/xiaomoxuan.ro\/wp-content\/uploads\/2023\/08\/3_2b885520-6dce-4582-9163-b337c63a33e7.webp\",\"contentUrl\":\"https:\/\/xiaomoxuan.ro\/wp-content\/uploads\/2023\/08\/3_2b885520-6dce-4582-9163-b337c63a33e7.webp\",\"width\":1920,\"height\":1920,\"caption\":\"17\"},{\"@type\":\"BreadcrumbList\",\"@id\":\"https:\/\/xiaomoxuan.ro\/product\/masca-collagen-550-ml\/#breadcrumb\",\"itemListElement\":[{\"@type\":\"ListItem\",\"position\":1,\"name\":\"\u0413\u043b\u0430\u0432\u043d\u0430\u044f \u0441\u0442\u0440\u0430\u043d\u0438\u0446\u0430\",\"item\":\"https:\/\/xiaomoxuan.ro\/ro\/\"},{\"@type\":\"ListItem\",\"position\":2,\"name\":\"Magazin\",\"item\":\"https:\/\/xiaomoxuan.ro\/shop\/\"},{\"@type\":\"ListItem\",\"position\":3,\"name\":\"MASC\u0102 COLLAGEN 550 ml\"}]},{\"@type\":\"WebSite\",\"@id\":\"https:\/\/xiaomoxuan.ro\/#website\",\"url\":\"https:\/\/xiaomoxuan.ro\/\",\"name\":\"Lumea cosmeticelor naturale Xiaomoxuan\",\"description\":\"\",\"publisher\":{\"@id\":\"https:\/\/xiaomoxuan.ro\/#organization\"},\"potentialAction\":[{\"@type\":\"SearchAction\",\"target\":{\"@type\":\"EntryPoint\",\"urlTemplate\":\"https:\/\/xiaomoxuan.ro\/?s={search_term_string}\"},\"query-input\":{\"@type\":\"PropertyValueSpecification\",\"valueRequired\":true,\"valueName\":\"search_term_string\"}}],\"inLanguage\":\"en-US\"},{\"@type\":\"Organization\",\"@id\":\"https:\/\/xiaomoxuan.ro\/#organization\",\"name\":\"Xiaomoxuan\",\"url\":\"https:\/\/xiaomoxuan.ro\/\",\"logo\":{\"@type\":\"ImageObject\",\"inLanguage\":\"en-US\",\"@id\":\"https:\/\/xiaomoxuan.ro\/#\/schema\/logo\/image\/\",\"url\":\"https:\/\/xiaomoxuan.ro\/wp-content\/uploads\/2024\/06\/green-logo.png\",\"contentUrl\":\"https:\/\/xiaomoxuan.ro\/wp-content\/uploads\/2024\/06\/green-logo.png\",\"width\":512,\"height\":512,\"caption\":\"Xiaomoxuan\"},\"image\":{\"@id\":\"https:\/\/xiaomoxuan.ro\/#\/schema\/logo\/image\/\"}}]}<\/script>\n<!-- \/ Yoast SEO Premium plugin. -->","yoast_head_json":{"title":"MASC\u0102 COLLAGEN 550 ml - Lumea cosmeticelor naturale Xiaomoxuan","description":"Noua masc\u0103 colagen Xiaomoxuan ajut\u0103 la repararea \u0219i hidratarea expres\u0103 a p\u0103rului \u0219i \u00eenlocuie\u0219te complet \u00eengrijirea scump\u0103 de salon.","robots":{"index":"index","follow":"follow","max-snippet":"max-snippet:-1","max-image-preview":"max-image-preview:large","max-video-preview":"max-video-preview:-1"},"canonical":"https:\/\/xiaomoxuan.ro\/en\/product\/masca-collagen-550-ml\/","og_locale":"en_US","og_type":"article","og_title":"MASC\u0102 COLLAGEN 550 ml","og_description":"Noua masc\u0103 colagen Xiaomoxuan ajut\u0103 la repararea \u0219i hidratarea expres\u0103 a p\u0103rului \u0219i \u00eenlocuie\u0219te complet \u00eengrijirea scump\u0103 de salon.","og_url":"https:\/\/xiaomoxuan.ro\/en\/product\/masca-collagen-550-ml\/","og_site_name":"Lumea cosmeticelor naturale Xiaomoxuan","article_modified_time":"2026-05-14T04:33:09+00:00","og_image":[{"width":1920,"height":1920,"url":"https:\/\/xiaomoxuan.ro\/wp-content\/uploads\/2023\/08\/3_2b885520-6dce-4582-9163-b337c63a33e7.webp","type":"image\/webp"}],"twitter_card":"summary_large_image","twitter_misc":{"Est. reading time":"2 minutes"},"schema":{"@context":"https:\/\/schema.org","@graph":[{"@type":"WebPage","@id":"https:\/\/xiaomoxuan.ro\/product\/masca-collagen-550-ml\/","url":"https:\/\/xiaomoxuan.ro\/product\/masca-collagen-550-ml\/","name":"MASC\u0102 COLLAGEN 550 ml - Lumea cosmeticelor naturale Xiaomoxuan","isPartOf":{"@id":"https:\/\/xiaomoxuan.ro\/#website"},"primaryImageOfPage":{"@id":"https:\/\/xiaomoxuan.ro\/product\/masca-collagen-550-ml\/#primaryimage"},"image":{"@id":"https:\/\/xiaomoxuan.ro\/product\/masca-collagen-550-ml\/#primaryimage"},"thumbnailUrl":"https:\/\/xiaomoxuan.ro\/wp-content\/uploads\/2023\/08\/3_2b885520-6dce-4582-9163-b337c63a33e7.webp","datePublished":"2023-08-29T19:54:24+00:00","dateModified":"2026-05-14T04:33:09+00:00","description":"Noua masc\u0103 colagen Xiaomoxuan ajut\u0103 la repararea \u0219i hidratarea expres\u0103 a p\u0103rului \u0219i \u00eenlocuie\u0219te complet \u00eengrijirea scump\u0103 de salon.","breadcrumb":{"@id":"https:\/\/xiaomoxuan.ro\/product\/masca-collagen-550-ml\/#breadcrumb"},"inLanguage":"en-US","potentialAction":[{"@type":"ReadAction","target":["https:\/\/xiaomoxuan.ro\/product\/masca-collagen-550-ml\/"]}]},{"@type":"ImageObject","inLanguage":"en-US","@id":"https:\/\/xiaomoxuan.ro\/product\/masca-collagen-550-ml\/#primaryimage","url":"https:\/\/xiaomoxuan.ro\/wp-content\/uploads\/2023\/08\/3_2b885520-6dce-4582-9163-b337c63a33e7.webp","contentUrl":"https:\/\/xiaomoxuan.ro\/wp-content\/uploads\/2023\/08\/3_2b885520-6dce-4582-9163-b337c63a33e7.webp","width":1920,"height":1920,"caption":"17"},{"@type":"BreadcrumbList","@id":"https:\/\/xiaomoxuan.ro\/product\/masca-collagen-550-ml\/#breadcrumb","itemListElement":[{"@type":"ListItem","position":1,"name":"\u0413\u043b\u0430\u0432\u043d\u0430\u044f \u0441\u0442\u0440\u0430\u043d\u0438\u0446\u0430","item":"https:\/\/xiaomoxuan.ro\/ro\/"},{"@type":"ListItem","position":2,"name":"Magazin","item":"https:\/\/xiaomoxuan.ro\/shop\/"},{"@type":"ListItem","position":3,"name":"MASC\u0102 COLLAGEN 550 ml"}]},{"@type":"WebSite","@id":"https:\/\/xiaomoxuan.ro\/#website","url":"https:\/\/xiaomoxuan.ro\/","name":"Lumea cosmeticelor naturale Xiaomoxuan","description":"","publisher":{"@id":"https:\/\/xiaomoxuan.ro\/#organization"},"potentialAction":[{"@type":"SearchAction","target":{"@type":"EntryPoint","urlTemplate":"https:\/\/xiaomoxuan.ro\/?s={search_term_string}"},"query-input":{"@type":"PropertyValueSpecification","valueRequired":true,"valueName":"search_term_string"}}],"inLanguage":"en-US"},{"@type":"Organization","@id":"https:\/\/xiaomoxuan.ro\/#organization","name":"Xiaomoxuan","url":"https:\/\/xiaomoxuan.ro\/","logo":{"@type":"ImageObject","inLanguage":"en-US","@id":"https:\/\/xiaomoxuan.ro\/#\/schema\/logo\/image\/","url":"https:\/\/xiaomoxuan.ro\/wp-content\/uploads\/2024\/06\/green-logo.png","contentUrl":"https:\/\/xiaomoxuan.ro\/wp-content\/uploads\/2024\/06\/green-logo.png","width":512,"height":512,"caption":"Xiaomoxuan"},"image":{"@id":"https:\/\/xiaomoxuan.ro\/#\/schema\/logo\/image\/"}}]}},"_links":{"self":[{"href":"https:\/\/xiaomoxuan.ro\/en\/wp-json\/wp\/v2\/product\/6697","targetHints":{"allow":["GET"]}}],"collection":[{"href":"https:\/\/xiaomoxuan.ro\/en\/wp-json\/wp\/v2\/product"}],"about":[{"href":"https:\/\/xiaomoxuan.ro\/en\/wp-json\/wp\/v2\/types\/product"}],"replies":[{"embeddable":true,"href":"https:\/\/xiaomoxuan.ro\/en\/wp-json\/wp\/v2\/comments?post=6697"}],"version-history":[{"count":2,"href":"https:\/\/xiaomoxuan.ro\/en\/wp-json\/wp\/v2\/product\/6697\/revisions"}],"predecessor-version":[{"id":27713,"href":"https:\/\/xiaomoxuan.ro\/en\/wp-json\/wp\/v2\/product\/6697\/revisions\/27713"}],"wp:featuredmedia":[{"embeddable":true,"href":"https:\/\/xiaomoxuan.ro\/en\/wp-json\/wp\/v2\/media\/7541"}],"wp:attachment":[{"href":"https:\/\/xiaomoxuan.ro\/en\/wp-json\/wp\/v2\/media?parent=6697"}],"wp:term":[{"taxonomy":"product_brand","embeddable":true,"href":"https:\/\/xiaomoxuan.ro\/en\/wp-json\/wp\/v2\/product_brand?post=6697"},{"taxonomy":"product_cat","embeddable":true,"href":"https:\/\/xiaomoxuan.ro\/en\/wp-json\/wp\/v2\/product_cat?post=6697"},{"taxonomy":"product_tag","embeddable":true,"href":"https:\/\/xiaomoxuan.ro\/en\/wp-json\/wp\/v2\/product_tag?post=6697"}],"curies":[{"name":"wp","href":"https:\/\/api.w.org\/{rel}","templated":true}]}}