{"id":7020,"date":"2023-09-30T12:03:37","date_gmt":"2023-09-30T09:03:37","guid":{"rendered":"https:\/\/xiaomoxuan.ro\/?post_type=product&#038;p=7020"},"modified":"2026-05-06T11:07:20","modified_gmt":"2026-05-06T09:07:20","slug":"fairy-brush","status":"publish","type":"product","link":"https:\/\/xiaomoxuan.ro\/en\/product\/fairy-brush\/","title":{"rendered":"FAIRY BRUSH \u2013 MAGIC comb"},"content":{"rendered":"<p class=\"p1\"><a href=\"https:\/\/xiaomoxuan.ro\/en\/product\/perie-zane-pieptene-magic\/\"><strong>Fairy Brush Magic Comb<\/strong><\/a> Leading stylists around the world, domestic and foreign movie and show business stars, famous politicians and successful businessmen use it when caring for their hair.<span class=\"Apple-converted-space\">\u00a0 <\/span>The developer made sure that every woman could keep this comb in her purse, the size of the XIAOMOXUAN Fairy Brush allows it to be stored even in small handbags.A comb stand is included and your comb will always have its place.\nAlso, a lot of emphasis was paid to the Fairy Brush design - the neutral color of pearls and a delicate clover flower should conquer every woman's heart.<\/p>\n<p><strong>Fairy Brush \u043e\u0442 XIAOMOXUAN<\/strong><\/p>\n<ul>\n<li>Is for those who want to have lush, obedient hair.<\/li>\n<li>It helps to forget about dandruff and hair loss . It is used both for hair styling, as well as daily combing of your curls.<\/li>\n<li>370 flexible nylon teeth give a tangible pleasant head massage - much more pleasant than from a regular comb.<\/li>\n<li>The teeth are made of wear-resistant nylon - micro-burrs are not formed on them, as well as the comb does not tear out the hair.<\/li>\n<li>Fairy Brush acts as a real masseur, stimulates blood flow in the vessels of the scalp, really awakens the sleeping follicles, thanks to this, the hair stops falling out and their growth improves.<\/li>\n<\/ul>\n<p>The comb is very popular with children, because it does not tear out, but untangles the hair.<\/p>\n<ul>\n<li class=\"p1\"><strong>Comb made of environmentally friendly material - we do not recommend using it in baths, saunas, shower cabins.<\/strong><\/li>\n<li class=\"p1\"><strong>The comb is afraid of hot temperature and water.<\/strong><\/li>\n<\/ul>\n<div style=\"display: flex; border-radius: 15px; align-items: center; gap: 15px; justify-content: center;\">\n<p><strong>Images\/Video<\/strong><\/p>\n<p><a href=\"https:\/\/www.instagram.com\/p\/C8miG9Is3mf\/\"><img decoding=\"async\" class=\"wp-image-9868\" style=\"border-radius: 10px; border: transparent;\" src=\"https:\/\/xiaomoxuan.ro\/wp-content\/uploads\/2023\/09\/instagram.svg\" alt=\"\" width=\"30\" height=\"30\" \/><\/a><\/p>\n<\/div>","protected":false},"excerpt":{"rendered":"<p class=\"p1\">Size: 18mm\/5mm<\/p>","protected":false},"featured_media":7521,"comment_status":"open","ping_status":"closed","template":"","meta":[],"product_brand":[],"product_cat":[61],"product_tag":[],"class_list":{"0":"post-7020","1":"product","2":"type-product","3":"status-publish","4":"has-post-thumbnail","6":"product_cat-accesorii","9":"instock","10":"taxable","11":"shipping-taxable","12":"purchasable","13":"product-type-simple"},"yoast_head":"<!-- This site is optimized with the Yoast SEO Premium plugin v26.9 (Yoast SEO v26.9) - https:\/\/yoast.com\/product\/yoast-seo-premium-wordpress\/ -->\n<title>FAIRY BRUSH - Pieptene MAGIC - Lumea cosmeticelor naturale Xiaomoxuan<\/title>\n<meta name=\"description\" content=\"Fairy Brush Magic Comb \u2013 Aceasta este epoca modern\u0103 a \u00eengrijirii p\u0103rului t\u0103u.\" \/>\n<meta name=\"robots\" content=\"index, follow, max-snippet:-1, max-image-preview:large, max-video-preview:-1\" \/>\n<link rel=\"canonical\" href=\"https:\/\/xiaomoxuan.ro\/en\/product\/fairy-brush\/\" \/>\n<meta property=\"og:locale\" content=\"en_US\" \/>\n<meta property=\"og:type\" content=\"article\" \/>\n<meta property=\"og:title\" content=\"FAIRY BRUSH - Pieptene MAGIC\" \/>\n<meta property=\"og:description\" content=\"Fairy Brush Magic Comb \u2013 Aceasta este epoca modern\u0103 a \u00eengrijirii p\u0103rului t\u0103u.\" \/>\n<meta property=\"og:url\" content=\"https:\/\/xiaomoxuan.ro\/en\/product\/fairy-brush\/\" \/>\n<meta property=\"og:site_name\" content=\"Lumea cosmeticelor naturale Xiaomoxuan\" \/>\n<meta property=\"article:modified_time\" content=\"2026-05-06T09:07:20+00:00\" \/>\n<meta property=\"og:image\" content=\"https:\/\/xiaomoxuan.ro\/wp-content\/uploads\/2023\/09\/IMG_9581.webp\" \/>\n\t<meta property=\"og:image:width\" content=\"768\" \/>\n\t<meta property=\"og:image:height\" content=\"1024\" \/>\n\t<meta property=\"og:image:type\" content=\"image\/webp\" \/>\n<meta name=\"twitter:card\" content=\"summary_large_image\" \/>\n<meta name=\"twitter:label1\" content=\"Est. reading time\" \/>\n\t<meta name=\"twitter:data1\" content=\"2 minutes\" \/>\n<script type=\"application\/ld+json\" class=\"yoast-schema-graph\">{\"@context\":\"https:\/\/schema.org\",\"@graph\":[{\"@type\":\"WebPage\",\"@id\":\"https:\/\/xiaomoxuan.ro\/product\/fairy-brush\/\",\"url\":\"https:\/\/xiaomoxuan.ro\/product\/fairy-brush\/\",\"name\":\"FAIRY BRUSH - Pieptene MAGIC - Lumea cosmeticelor naturale Xiaomoxuan\",\"isPartOf\":{\"@id\":\"https:\/\/xiaomoxuan.ro\/#website\"},\"primaryImageOfPage\":{\"@id\":\"https:\/\/xiaomoxuan.ro\/product\/fairy-brush\/#primaryimage\"},\"image\":{\"@id\":\"https:\/\/xiaomoxuan.ro\/product\/fairy-brush\/#primaryimage\"},\"thumbnailUrl\":\"https:\/\/xiaomoxuan.ro\/wp-content\/uploads\/2023\/09\/IMG_9581.webp\",\"datePublished\":\"2023-09-30T09:03:37+00:00\",\"dateModified\":\"2026-05-06T09:07:20+00:00\",\"description\":\"Fairy Brush Magic Comb \u2013 Aceasta este epoca modern\u0103 a \u00eengrijirii p\u0103rului t\u0103u.\",\"breadcrumb\":{\"@id\":\"https:\/\/xiaomoxuan.ro\/product\/fairy-brush\/#breadcrumb\"},\"inLanguage\":\"en-US\",\"potentialAction\":[{\"@type\":\"ReadAction\",\"target\":[\"https:\/\/xiaomoxuan.ro\/product\/fairy-brush\/\"]}]},{\"@type\":\"ImageObject\",\"inLanguage\":\"en-US\",\"@id\":\"https:\/\/xiaomoxuan.ro\/product\/fairy-brush\/#primaryimage\",\"url\":\"https:\/\/xiaomoxuan.ro\/wp-content\/uploads\/2023\/09\/IMG_9581.webp\",\"contentUrl\":\"https:\/\/xiaomoxuan.ro\/wp-content\/uploads\/2023\/09\/IMG_9581.webp\",\"width\":768,\"height\":1024,\"caption\":\"pieptene\"},{\"@type\":\"BreadcrumbList\",\"@id\":\"https:\/\/xiaomoxuan.ro\/product\/fairy-brush\/#breadcrumb\",\"itemListElement\":[{\"@type\":\"ListItem\",\"position\":1,\"name\":\"\u0413\u043b\u0430\u0432\u043d\u0430\u044f \u0441\u0442\u0440\u0430\u043d\u0438\u0446\u0430\",\"item\":\"https:\/\/xiaomoxuan.ro\/ro\/\"},{\"@type\":\"ListItem\",\"position\":2,\"name\":\"Magazin\",\"item\":\"https:\/\/xiaomoxuan.ro\/shop\/\"},{\"@type\":\"ListItem\",\"position\":3,\"name\":\"FAIRY BRUSH &#8211; Pieptene MAGIC\"}]},{\"@type\":\"WebSite\",\"@id\":\"https:\/\/xiaomoxuan.ro\/#website\",\"url\":\"https:\/\/xiaomoxuan.ro\/\",\"name\":\"Lumea cosmeticelor naturale Xiaomoxuan\",\"description\":\"\",\"publisher\":{\"@id\":\"https:\/\/xiaomoxuan.ro\/#organization\"},\"potentialAction\":[{\"@type\":\"SearchAction\",\"target\":{\"@type\":\"EntryPoint\",\"urlTemplate\":\"https:\/\/xiaomoxuan.ro\/?s={search_term_string}\"},\"query-input\":{\"@type\":\"PropertyValueSpecification\",\"valueRequired\":true,\"valueName\":\"search_term_string\"}}],\"inLanguage\":\"en-US\"},{\"@type\":\"Organization\",\"@id\":\"https:\/\/xiaomoxuan.ro\/#organization\",\"name\":\"Xiaomoxuan\",\"url\":\"https:\/\/xiaomoxuan.ro\/\",\"logo\":{\"@type\":\"ImageObject\",\"inLanguage\":\"en-US\",\"@id\":\"https:\/\/xiaomoxuan.ro\/#\/schema\/logo\/image\/\",\"url\":\"https:\/\/xiaomoxuan.ro\/wp-content\/uploads\/2024\/06\/green-logo.png\",\"contentUrl\":\"https:\/\/xiaomoxuan.ro\/wp-content\/uploads\/2024\/06\/green-logo.png\",\"width\":512,\"height\":512,\"caption\":\"Xiaomoxuan\"},\"image\":{\"@id\":\"https:\/\/xiaomoxuan.ro\/#\/schema\/logo\/image\/\"}}]}<\/script>\n<!-- \/ Yoast SEO Premium plugin. -->","yoast_head_json":{"title":"FAIRY BRUSH - Pieptene MAGIC - Lumea cosmeticelor naturale Xiaomoxuan","description":"Fairy Brush Magic Comb \u2013 Aceasta este epoca modern\u0103 a \u00eengrijirii p\u0103rului t\u0103u.","robots":{"index":"index","follow":"follow","max-snippet":"max-snippet:-1","max-image-preview":"max-image-preview:large","max-video-preview":"max-video-preview:-1"},"canonical":"https:\/\/xiaomoxuan.ro\/en\/product\/fairy-brush\/","og_locale":"en_US","og_type":"article","og_title":"FAIRY BRUSH - Pieptene MAGIC","og_description":"Fairy Brush Magic Comb \u2013 Aceasta este epoca modern\u0103 a \u00eengrijirii p\u0103rului t\u0103u.","og_url":"https:\/\/xiaomoxuan.ro\/en\/product\/fairy-brush\/","og_site_name":"Lumea cosmeticelor naturale Xiaomoxuan","article_modified_time":"2026-05-06T09:07:20+00:00","og_image":[{"width":768,"height":1024,"url":"https:\/\/xiaomoxuan.ro\/wp-content\/uploads\/2023\/09\/IMG_9581.webp","type":"image\/webp"}],"twitter_card":"summary_large_image","twitter_misc":{"Est. reading time":"2 minutes"},"schema":{"@context":"https:\/\/schema.org","@graph":[{"@type":"WebPage","@id":"https:\/\/xiaomoxuan.ro\/product\/fairy-brush\/","url":"https:\/\/xiaomoxuan.ro\/product\/fairy-brush\/","name":"FAIRY BRUSH - Pieptene MAGIC - Lumea cosmeticelor naturale Xiaomoxuan","isPartOf":{"@id":"https:\/\/xiaomoxuan.ro\/#website"},"primaryImageOfPage":{"@id":"https:\/\/xiaomoxuan.ro\/product\/fairy-brush\/#primaryimage"},"image":{"@id":"https:\/\/xiaomoxuan.ro\/product\/fairy-brush\/#primaryimage"},"thumbnailUrl":"https:\/\/xiaomoxuan.ro\/wp-content\/uploads\/2023\/09\/IMG_9581.webp","datePublished":"2023-09-30T09:03:37+00:00","dateModified":"2026-05-06T09:07:20+00:00","description":"Fairy Brush Magic Comb \u2013 Aceasta este epoca modern\u0103 a \u00eengrijirii p\u0103rului t\u0103u.","breadcrumb":{"@id":"https:\/\/xiaomoxuan.ro\/product\/fairy-brush\/#breadcrumb"},"inLanguage":"en-US","potentialAction":[{"@type":"ReadAction","target":["https:\/\/xiaomoxuan.ro\/product\/fairy-brush\/"]}]},{"@type":"ImageObject","inLanguage":"en-US","@id":"https:\/\/xiaomoxuan.ro\/product\/fairy-brush\/#primaryimage","url":"https:\/\/xiaomoxuan.ro\/wp-content\/uploads\/2023\/09\/IMG_9581.webp","contentUrl":"https:\/\/xiaomoxuan.ro\/wp-content\/uploads\/2023\/09\/IMG_9581.webp","width":768,"height":1024,"caption":"pieptene"},{"@type":"BreadcrumbList","@id":"https:\/\/xiaomoxuan.ro\/product\/fairy-brush\/#breadcrumb","itemListElement":[{"@type":"ListItem","position":1,"name":"\u0413\u043b\u0430\u0432\u043d\u0430\u044f \u0441\u0442\u0440\u0430\u043d\u0438\u0446\u0430","item":"https:\/\/xiaomoxuan.ro\/ro\/"},{"@type":"ListItem","position":2,"name":"Magazin","item":"https:\/\/xiaomoxuan.ro\/shop\/"},{"@type":"ListItem","position":3,"name":"FAIRY BRUSH &#8211; Pieptene MAGIC"}]},{"@type":"WebSite","@id":"https:\/\/xiaomoxuan.ro\/#website","url":"https:\/\/xiaomoxuan.ro\/","name":"Lumea cosmeticelor naturale Xiaomoxuan","description":"","publisher":{"@id":"https:\/\/xiaomoxuan.ro\/#organization"},"potentialAction":[{"@type":"SearchAction","target":{"@type":"EntryPoint","urlTemplate":"https:\/\/xiaomoxuan.ro\/?s={search_term_string}"},"query-input":{"@type":"PropertyValueSpecification","valueRequired":true,"valueName":"search_term_string"}}],"inLanguage":"en-US"},{"@type":"Organization","@id":"https:\/\/xiaomoxuan.ro\/#organization","name":"Xiaomoxuan","url":"https:\/\/xiaomoxuan.ro\/","logo":{"@type":"ImageObject","inLanguage":"en-US","@id":"https:\/\/xiaomoxuan.ro\/#\/schema\/logo\/image\/","url":"https:\/\/xiaomoxuan.ro\/wp-content\/uploads\/2024\/06\/green-logo.png","contentUrl":"https:\/\/xiaomoxuan.ro\/wp-content\/uploads\/2024\/06\/green-logo.png","width":512,"height":512,"caption":"Xiaomoxuan"},"image":{"@id":"https:\/\/xiaomoxuan.ro\/#\/schema\/logo\/image\/"}}]}},"_links":{"self":[{"href":"https:\/\/xiaomoxuan.ro\/en\/wp-json\/wp\/v2\/product\/7020","targetHints":{"allow":["GET"]}}],"collection":[{"href":"https:\/\/xiaomoxuan.ro\/en\/wp-json\/wp\/v2\/product"}],"about":[{"href":"https:\/\/xiaomoxuan.ro\/en\/wp-json\/wp\/v2\/types\/product"}],"replies":[{"embeddable":true,"href":"https:\/\/xiaomoxuan.ro\/en\/wp-json\/wp\/v2\/comments?post=7020"}],"version-history":[{"count":2,"href":"https:\/\/xiaomoxuan.ro\/en\/wp-json\/wp\/v2\/product\/7020\/revisions"}],"predecessor-version":[{"id":27408,"href":"https:\/\/xiaomoxuan.ro\/en\/wp-json\/wp\/v2\/product\/7020\/revisions\/27408"}],"wp:featuredmedia":[{"embeddable":true,"href":"https:\/\/xiaomoxuan.ro\/en\/wp-json\/wp\/v2\/media\/7521"}],"wp:attachment":[{"href":"https:\/\/xiaomoxuan.ro\/en\/wp-json\/wp\/v2\/media?parent=7020"}],"wp:term":[{"taxonomy":"product_brand","embeddable":true,"href":"https:\/\/xiaomoxuan.ro\/en\/wp-json\/wp\/v2\/product_brand?post=7020"},{"taxonomy":"product_cat","embeddable":true,"href":"https:\/\/xiaomoxuan.ro\/en\/wp-json\/wp\/v2\/product_cat?post=7020"},{"taxonomy":"product_tag","embeddable":true,"href":"https:\/\/xiaomoxuan.ro\/en\/wp-json\/wp\/v2\/product_tag?post=7020"}],"curies":[{"name":"wp","href":"https:\/\/api.w.org\/{rel}","templated":true}]}}