{"id":6697,"date":"2023-08-29T22:54:24","date_gmt":"2023-08-29T19:54:24","guid":{"rendered":"https:\/\/xiaomoxuan.ro\/?post_type=product&#038;p=6697"},"modified":"2026-05-14T06:33:09","modified_gmt":"2026-05-14T04:33:09","slug":"masca-collagen-550-ml","status":"publish","type":"product","link":"https:\/\/xiaomoxuan.ro\/ro\/product\/masca-collagen-550-ml\/","title":{"rendered":"MASC\u0102 COLLAGEN 550 ml"},"content":{"rendered":"\t\t<div data-elementor-type=\"product-post\" data-elementor-id=\"6697\" class=\"elementor elementor-6697\">\n\t\t\t\t\t\t<section class=\"elementor-section elementor-top-section elementor-element elementor-element-629fb272 elementor-section-boxed elementor-section-height-default elementor-section-height-default\" data-id=\"629fb272\" data-element_type=\"section\">\n\t\t\t\t\t\t<div class=\"elementor-container elementor-column-gap-default\">\n\t\t\t\t\t<div class=\"elementor-column elementor-col-100 elementor-top-column elementor-element elementor-element-5a9d3e01\" data-id=\"5a9d3e01\" data-element_type=\"column\">\n\t\t\t<div class=\"elementor-widget-wrap elementor-element-populated\">\n\t\t\t\t\t\t<div class=\"elementor-element elementor-element-71a1a406 elementor-widget elementor-widget-text-editor\" data-id=\"71a1a406\" data-element_type=\"widget\" data-widget_type=\"text-editor.default\">\n\t\t\t\t<div class=\"elementor-widget-container\">\n\t\t\t\t\t\t\t\t\t<div data-id=\"d5d6d94\" data-element_type=\"widget\" data-widget_type=\"woocommerce-product-content.default\"><div data-id=\"d5d6d94\" data-element_type=\"widget\" data-widget_type=\"woocommerce-product-content.default\"><div class=\"elementor-element elementor-element-d5d6d94 elementor-widget elementor-widget-woocommerce-product-content\" data-id=\"d5d6d94\" data-element_type=\"widget\" data-widget_type=\"woocommerce-product-content.default\"><div class=\"elementor-widget-container\"><div class=\"elementor-element elementor-element-d5d6d94 elementor-widget elementor-widget-woocommerce-product-content\" data-id=\"d5d6d94\" data-element_type=\"widget\" data-widget_type=\"woocommerce-product-content.default\"><div class=\"elementor-widget-container\"><div class=\"elementor-element elementor-element-d5d6d94 elementor-widget elementor-widget-woocommerce-product-content\" data-id=\"d5d6d94\" data-element_type=\"widget\" data-widget_type=\"woocommerce-product-content.default\"><div class=\"elementor-widget-container\"><div class=\"elementor-element elementor-element-d5d6d94 elementor-widget elementor-widget-woocommerce-product-content\" data-id=\"d5d6d94\" data-element_type=\"widget\" data-widget_type=\"woocommerce-product-content.default\"><div class=\"elementor-widget-container\"><div class=\"elementor-element elementor-element-d5d6d94 elementor-widget elementor-widget-woocommerce-product-content\" data-id=\"d5d6d94\" data-element_type=\"widget\" data-widget_type=\"woocommerce-product-content.default\"><div class=\"elementor-widget-container\"><div class=\"elementor-element elementor-element-d5d6d94 elementor-widget elementor-widget-woocommerce-product-content\" data-id=\"d5d6d94\" data-element_type=\"widget\" data-widget_type=\"woocommerce-product-content.default\"><div class=\"elementor-widget-container\"><div class=\"elementor-element elementor-element-d5d6d94 elementor-widget elementor-widget-woocommerce-product-content\" data-id=\"d5d6d94\" data-element_type=\"widget\" data-widget_type=\"woocommerce-product-content.default\"><div class=\"elementor-widget-container\"><div class=\"elementor-element elementor-element-d5d6d94 elementor-widget elementor-widget-woocommerce-product-content\" data-id=\"d5d6d94\" data-element_type=\"widget\" data-widget_type=\"woocommerce-product-content.default\"><div class=\"elementor-widget-container\"><p><b>Xiaomoxuan Collagen Hair Mask 550 ml<\/b><br \/><br \/>\u00cen aten\u021bia dumneavoastr\u0103 este o formul\u0103 unic\u0103 de masc\u0103 de p\u0103r Xiaomoxuan \u201cTea Tree cu COLLAGEN\u201d. Noua <a style=\"color: #555;\" href=\"https:\/\/xiaomoxuan.ro\/ro\/product\/masca-de-collagen-new\/\">masc\u0103 colagen Xiaomoxuan<\/a> ajut\u0103 la repararea \u0219i hidratarea expres\u0103 a p\u0103rului \u0219i \u00eenlocuie\u0219te complet \u00eengrijirea scump\u0103 de salon. Sarcina principal\u0103 a produsului este de a restabili \u00een mod eficient structura intern\u0103 a p\u0103rului deteriorat de la prima utilizare a m\u0103\u0219tii.<\/p><ul><li>Refacerea complet\u0103 a p\u0103rului dup\u0103 vopsire.<\/li><li>Faciliteaz\u0103 periajul.<\/li><li class=\"p1\">Stimuleaz\u0103 cre\u0219terea p\u0103rului.<\/li><li class=\"p1\">\u00cendep\u0103rteaz\u0103 fragilitatea excesiv\u0103.<\/li><li class=\"p1\">Rezilien\u021ba de ag\u0103\u021bare.<\/li><li class=\"p1\">Reducerea efectiv\u0103 a electrific\u0103rii.<\/li><li class=\"p1\">Str\u0103lucire natural\u0103.<\/li><li class=\"p1\">Hidratare maxim\u0103.<\/li><li class=\"p1\">New Collagen Mask are un miros uimitor de citrice, nu numai c\u0103 ve\u021bi fi \u00eenc\u00e2nta\u021bi de rezultatul eficient al restaur\u0103rii p\u0103rului, dar mirosul calm de citrice nu v\u0103 va l\u0103sa indiferen\u021bi. P\u0103rul dvs. va avea o str\u0103lucire s\u0103n\u0103toas\u0103, ca o oglind\u0103, dup\u0103 prima utilizare.<\/li><\/ul><p class=\"p1\"><strong>METODA DE APLICARE:<\/strong><\/p><ul><li class=\"p1\">Dup\u0103 ce v\u0103 sp\u0103la\u021bi p\u0103rul, aplica\u021bi 15-30 ml de masc\u0103 pe p\u0103rul umed (nu ud). \u00centinde\u021bi masca uniform pe p\u0103r, de la r\u0103d\u0103cini p\u00e2n\u0103 la v\u00e2rfuri. A\u0219tepta\u021bi 5-7 minute. Apoi cl\u0103ti\u021bi cu ap\u0103 u\u0219or c\u0103ldu\u021b\u0103, tampona\u021bi p\u0103rul umed cu un prosop, apoi de la scalp spre v\u00e2rfuri piept\u0103na\u021bi p\u0103rul umed. Usca\u021bi cu un usc\u0103tor de p\u0103r sau l\u0103sa\u021bi p\u0103rul s\u0103 se usuce natural.<\/li><\/ul><p class=\"p1\"><strong>Ingrediente<\/strong>:<\/p><ul><li>Ap\u0103, colagen, baz\u0103 natural\u0103 de frunze de ceai, lapte pentru \u00eengrijirea p\u0103rului, acid transparent, aminoacizi vegetali naturali, cetearil, hidroxifenilpropionat, hidroxietilfibil, clorur\u0103 de cear\u0103, polieter 10, lactat de sodiu, PCA, sare disodic\u0103 Edta, arom\u0103.<\/li><\/ul><p class=\"p1\"><strong>Condi\u021bii de p\u0103strare<\/strong> :<\/p><ul><li class=\"p1\">A se p\u0103stra la temperaturi cuprinse \u00eentre +5C \u0219i +30C<\/li><\/ul><p class=\"p1\"><strong>M\u0103suri de precau\u021bie<\/strong>:<\/p><ul><li class=\"p1\">\u00cen cazul contactului cu ochii, cl\u0103ti\u021bi cu ap\u0103 din abunden\u021b\u0103.<\/li><li class=\"p1\">A nu se l\u0103sa la \u00eendem\u00e2na copiilor.<\/li><\/ul><\/div><\/div><\/div><\/div><\/div><\/div><\/div><\/div><\/div><\/div><\/div><\/div><\/div><\/div><\/div><\/div><\/div><\/div><div style=\"display: flex; border-radius: 15px; align-items: center; gap: 15px; justify-content: center;\"><p><strong>Imagini\/Video<\/strong><\/p><p><a href=\"https:\/\/www.instagram.com\/reel\/C7HV3uJMHua\/?igsh=Z2Q0bTQwNGRxMnh4\"><img decoding=\"async\" class=\"wp-image-9868\" style=\"border-radius: 10px; border: transparent;\" src=\"https:\/\/xiaomoxuan.ro\/wp-content\/uploads\/2023\/09\/instagram.svg\" alt=\"\" width=\"30\" height=\"30\" \/><\/a><\/p><\/div>\t\t\t\t\t\t\t\t<\/div>\n\t\t\t\t<\/div>\n\t\t\t\t\t<\/div>\n\t\t<\/div>\n\t\t\t\t\t<\/div>\n\t\t<\/section>\n\t\t\t\t<\/div>\n\t\t","protected":false},"excerpt":{"rendered":"<ul>\n<li>Noul colagen Xiaomoxuan.<\/li>\n<li>Restaurarea \u0219i hidratarea p\u0103rului expres.<\/li>\n<\/ul>\n","protected":false},"featured_media":7541,"comment_status":"open","ping_status":"closed","template":"","meta":[],"product_brand":[],"product_cat":[58],"product_tag":[],"class_list":{"0":"post-6697","1":"product","2":"type-product","3":"status-publish","4":"has-post-thumbnail","6":"product_cat-masti","9":"instock","10":"featured","11":"taxable","12":"shipping-taxable","13":"purchasable","14":"product-type-simple"},"yoast_head":"<!-- This site is optimized with the Yoast SEO Premium plugin v26.9 (Yoast SEO v26.9) - https:\/\/yoast.com\/product\/yoast-seo-premium-wordpress\/ -->\n<title>MASC\u0102 COLLAGEN 550 ml - Lumea cosmeticelor naturale Xiaomoxuan<\/title>\n<meta name=\"description\" content=\"Noua masc\u0103 colagen Xiaomoxuan ajut\u0103 la repararea \u0219i hidratarea expres\u0103 a p\u0103rului \u0219i \u00eenlocuie\u0219te complet \u00eengrijirea scump\u0103 de salon.\" \/>\n<meta name=\"robots\" content=\"index, follow, max-snippet:-1, max-image-preview:large, max-video-preview:-1\" \/>\n<link rel=\"canonical\" href=\"https:\/\/xiaomoxuan.ro\/ro\/product\/masca-collagen-550-ml\/\" \/>\n<meta property=\"og:locale\" content=\"ro_RO\" \/>\n<meta property=\"og:type\" content=\"article\" \/>\n<meta property=\"og:title\" content=\"MASC\u0102 COLLAGEN 550 ml\" \/>\n<meta property=\"og:description\" content=\"Noua masc\u0103 colagen Xiaomoxuan ajut\u0103 la repararea \u0219i hidratarea expres\u0103 a p\u0103rului \u0219i \u00eenlocuie\u0219te complet \u00eengrijirea scump\u0103 de salon.\" \/>\n<meta property=\"og:url\" content=\"https:\/\/xiaomoxuan.ro\/ro\/product\/masca-collagen-550-ml\/\" \/>\n<meta property=\"og:site_name\" content=\"Lumea cosmeticelor naturale Xiaomoxuan\" \/>\n<meta property=\"article:modified_time\" content=\"2026-05-14T04:33:09+00:00\" \/>\n<meta property=\"og:image\" content=\"https:\/\/xiaomoxuan.ro\/wp-content\/uploads\/2023\/08\/3_2b885520-6dce-4582-9163-b337c63a33e7.webp\" \/>\n\t<meta property=\"og:image:width\" content=\"1920\" \/>\n\t<meta property=\"og:image:height\" content=\"1920\" \/>\n\t<meta property=\"og:image:type\" content=\"image\/webp\" \/>\n<meta name=\"twitter:card\" content=\"summary_large_image\" \/>\n<meta name=\"twitter:label1\" content=\"Timp estimat pentru citire\" \/>\n\t<meta name=\"twitter:data1\" content=\"2 minute\" \/>\n<script type=\"application\/ld+json\" class=\"yoast-schema-graph\">{\"@context\":\"https:\/\/schema.org\",\"@graph\":[{\"@type\":\"WebPage\",\"@id\":\"https:\/\/xiaomoxuan.ro\/product\/masca-collagen-550-ml\/\",\"url\":\"https:\/\/xiaomoxuan.ro\/product\/masca-collagen-550-ml\/\",\"name\":\"MASC\u0102 COLLAGEN 550 ml - Lumea cosmeticelor naturale Xiaomoxuan\",\"isPartOf\":{\"@id\":\"https:\/\/xiaomoxuan.ro\/#website\"},\"primaryImageOfPage\":{\"@id\":\"https:\/\/xiaomoxuan.ro\/product\/masca-collagen-550-ml\/#primaryimage\"},\"image\":{\"@id\":\"https:\/\/xiaomoxuan.ro\/product\/masca-collagen-550-ml\/#primaryimage\"},\"thumbnailUrl\":\"https:\/\/xiaomoxuan.ro\/wp-content\/uploads\/2023\/08\/3_2b885520-6dce-4582-9163-b337c63a33e7.webp\",\"datePublished\":\"2023-08-29T19:54:24+00:00\",\"dateModified\":\"2026-05-14T04:33:09+00:00\",\"description\":\"Noua masc\u0103 colagen Xiaomoxuan ajut\u0103 la repararea \u0219i hidratarea expres\u0103 a p\u0103rului \u0219i \u00eenlocuie\u0219te complet \u00eengrijirea scump\u0103 de salon.\",\"breadcrumb\":{\"@id\":\"https:\/\/xiaomoxuan.ro\/product\/masca-collagen-550-ml\/#breadcrumb\"},\"inLanguage\":\"ro-RO\",\"potentialAction\":[{\"@type\":\"ReadAction\",\"target\":[\"https:\/\/xiaomoxuan.ro\/product\/masca-collagen-550-ml\/\"]}]},{\"@type\":\"ImageObject\",\"inLanguage\":\"ro-RO\",\"@id\":\"https:\/\/xiaomoxuan.ro\/product\/masca-collagen-550-ml\/#primaryimage\",\"url\":\"https:\/\/xiaomoxuan.ro\/wp-content\/uploads\/2023\/08\/3_2b885520-6dce-4582-9163-b337c63a33e7.webp\",\"contentUrl\":\"https:\/\/xiaomoxuan.ro\/wp-content\/uploads\/2023\/08\/3_2b885520-6dce-4582-9163-b337c63a33e7.webp\",\"width\":1920,\"height\":1920,\"caption\":\"17\"},{\"@type\":\"BreadcrumbList\",\"@id\":\"https:\/\/xiaomoxuan.ro\/product\/masca-collagen-550-ml\/#breadcrumb\",\"itemListElement\":[{\"@type\":\"ListItem\",\"position\":1,\"name\":\"\u0413\u043b\u0430\u0432\u043d\u0430\u044f \u0441\u0442\u0440\u0430\u043d\u0438\u0446\u0430\",\"item\":\"https:\/\/xiaomoxuan.ro\/ro\/\"},{\"@type\":\"ListItem\",\"position\":2,\"name\":\"Magazin\",\"item\":\"https:\/\/xiaomoxuan.ro\/shop\/\"},{\"@type\":\"ListItem\",\"position\":3,\"name\":\"MASC\u0102 COLLAGEN 550 ml\"}]},{\"@type\":\"WebSite\",\"@id\":\"https:\/\/xiaomoxuan.ro\/#website\",\"url\":\"https:\/\/xiaomoxuan.ro\/\",\"name\":\"Lumea cosmeticelor naturale Xiaomoxuan\",\"description\":\"\",\"publisher\":{\"@id\":\"https:\/\/xiaomoxuan.ro\/#organization\"},\"potentialAction\":[{\"@type\":\"SearchAction\",\"target\":{\"@type\":\"EntryPoint\",\"urlTemplate\":\"https:\/\/xiaomoxuan.ro\/?s={search_term_string}\"},\"query-input\":{\"@type\":\"PropertyValueSpecification\",\"valueRequired\":true,\"valueName\":\"search_term_string\"}}],\"inLanguage\":\"ro-RO\"},{\"@type\":\"Organization\",\"@id\":\"https:\/\/xiaomoxuan.ro\/#organization\",\"name\":\"Xiaomoxuan\",\"url\":\"https:\/\/xiaomoxuan.ro\/\",\"logo\":{\"@type\":\"ImageObject\",\"inLanguage\":\"ro-RO\",\"@id\":\"https:\/\/xiaomoxuan.ro\/#\/schema\/logo\/image\/\",\"url\":\"https:\/\/xiaomoxuan.ro\/wp-content\/uploads\/2024\/06\/green-logo.png\",\"contentUrl\":\"https:\/\/xiaomoxuan.ro\/wp-content\/uploads\/2024\/06\/green-logo.png\",\"width\":512,\"height\":512,\"caption\":\"Xiaomoxuan\"},\"image\":{\"@id\":\"https:\/\/xiaomoxuan.ro\/#\/schema\/logo\/image\/\"}}]}<\/script>\n<!-- \/ Yoast SEO Premium plugin. -->","yoast_head_json":{"title":"MASC\u0102 COLLAGEN 550 ml - Lumea cosmeticelor naturale Xiaomoxuan","description":"Noua masc\u0103 colagen Xiaomoxuan ajut\u0103 la repararea \u0219i hidratarea expres\u0103 a p\u0103rului \u0219i \u00eenlocuie\u0219te complet \u00eengrijirea scump\u0103 de salon.","robots":{"index":"index","follow":"follow","max-snippet":"max-snippet:-1","max-image-preview":"max-image-preview:large","max-video-preview":"max-video-preview:-1"},"canonical":"https:\/\/xiaomoxuan.ro\/ro\/product\/masca-collagen-550-ml\/","og_locale":"ro_RO","og_type":"article","og_title":"MASC\u0102 COLLAGEN 550 ml","og_description":"Noua masc\u0103 colagen Xiaomoxuan ajut\u0103 la repararea \u0219i hidratarea expres\u0103 a p\u0103rului \u0219i \u00eenlocuie\u0219te complet \u00eengrijirea scump\u0103 de salon.","og_url":"https:\/\/xiaomoxuan.ro\/ro\/product\/masca-collagen-550-ml\/","og_site_name":"Lumea cosmeticelor naturale Xiaomoxuan","article_modified_time":"2026-05-14T04:33:09+00:00","og_image":[{"width":1920,"height":1920,"url":"https:\/\/xiaomoxuan.ro\/wp-content\/uploads\/2023\/08\/3_2b885520-6dce-4582-9163-b337c63a33e7.webp","type":"image\/webp"}],"twitter_card":"summary_large_image","twitter_misc":{"Timp estimat pentru citire":"2 minute"},"schema":{"@context":"https:\/\/schema.org","@graph":[{"@type":"WebPage","@id":"https:\/\/xiaomoxuan.ro\/product\/masca-collagen-550-ml\/","url":"https:\/\/xiaomoxuan.ro\/product\/masca-collagen-550-ml\/","name":"MASC\u0102 COLLAGEN 550 ml - Lumea cosmeticelor naturale Xiaomoxuan","isPartOf":{"@id":"https:\/\/xiaomoxuan.ro\/#website"},"primaryImageOfPage":{"@id":"https:\/\/xiaomoxuan.ro\/product\/masca-collagen-550-ml\/#primaryimage"},"image":{"@id":"https:\/\/xiaomoxuan.ro\/product\/masca-collagen-550-ml\/#primaryimage"},"thumbnailUrl":"https:\/\/xiaomoxuan.ro\/wp-content\/uploads\/2023\/08\/3_2b885520-6dce-4582-9163-b337c63a33e7.webp","datePublished":"2023-08-29T19:54:24+00:00","dateModified":"2026-05-14T04:33:09+00:00","description":"Noua masc\u0103 colagen Xiaomoxuan ajut\u0103 la repararea \u0219i hidratarea expres\u0103 a p\u0103rului \u0219i \u00eenlocuie\u0219te complet \u00eengrijirea scump\u0103 de salon.","breadcrumb":{"@id":"https:\/\/xiaomoxuan.ro\/product\/masca-collagen-550-ml\/#breadcrumb"},"inLanguage":"ro-RO","potentialAction":[{"@type":"ReadAction","target":["https:\/\/xiaomoxuan.ro\/product\/masca-collagen-550-ml\/"]}]},{"@type":"ImageObject","inLanguage":"ro-RO","@id":"https:\/\/xiaomoxuan.ro\/product\/masca-collagen-550-ml\/#primaryimage","url":"https:\/\/xiaomoxuan.ro\/wp-content\/uploads\/2023\/08\/3_2b885520-6dce-4582-9163-b337c63a33e7.webp","contentUrl":"https:\/\/xiaomoxuan.ro\/wp-content\/uploads\/2023\/08\/3_2b885520-6dce-4582-9163-b337c63a33e7.webp","width":1920,"height":1920,"caption":"17"},{"@type":"BreadcrumbList","@id":"https:\/\/xiaomoxuan.ro\/product\/masca-collagen-550-ml\/#breadcrumb","itemListElement":[{"@type":"ListItem","position":1,"name":"\u0413\u043b\u0430\u0432\u043d\u0430\u044f \u0441\u0442\u0440\u0430\u043d\u0438\u0446\u0430","item":"https:\/\/xiaomoxuan.ro\/ro\/"},{"@type":"ListItem","position":2,"name":"Magazin","item":"https:\/\/xiaomoxuan.ro\/shop\/"},{"@type":"ListItem","position":3,"name":"MASC\u0102 COLLAGEN 550 ml"}]},{"@type":"WebSite","@id":"https:\/\/xiaomoxuan.ro\/#website","url":"https:\/\/xiaomoxuan.ro\/","name":"Lumea cosmeticelor naturale Xiaomoxuan","description":"","publisher":{"@id":"https:\/\/xiaomoxuan.ro\/#organization"},"potentialAction":[{"@type":"SearchAction","target":{"@type":"EntryPoint","urlTemplate":"https:\/\/xiaomoxuan.ro\/?s={search_term_string}"},"query-input":{"@type":"PropertyValueSpecification","valueRequired":true,"valueName":"search_term_string"}}],"inLanguage":"ro-RO"},{"@type":"Organization","@id":"https:\/\/xiaomoxuan.ro\/#organization","name":"Xiaomoxuan","url":"https:\/\/xiaomoxuan.ro\/","logo":{"@type":"ImageObject","inLanguage":"ro-RO","@id":"https:\/\/xiaomoxuan.ro\/#\/schema\/logo\/image\/","url":"https:\/\/xiaomoxuan.ro\/wp-content\/uploads\/2024\/06\/green-logo.png","contentUrl":"https:\/\/xiaomoxuan.ro\/wp-content\/uploads\/2024\/06\/green-logo.png","width":512,"height":512,"caption":"Xiaomoxuan"},"image":{"@id":"https:\/\/xiaomoxuan.ro\/#\/schema\/logo\/image\/"}}]}},"_links":{"self":[{"href":"https:\/\/xiaomoxuan.ro\/ro\/wp-json\/wp\/v2\/product\/6697","targetHints":{"allow":["GET"]}}],"collection":[{"href":"https:\/\/xiaomoxuan.ro\/ro\/wp-json\/wp\/v2\/product"}],"about":[{"href":"https:\/\/xiaomoxuan.ro\/ro\/wp-json\/wp\/v2\/types\/product"}],"replies":[{"embeddable":true,"href":"https:\/\/xiaomoxuan.ro\/ro\/wp-json\/wp\/v2\/comments?post=6697"}],"version-history":[{"count":2,"href":"https:\/\/xiaomoxuan.ro\/ro\/wp-json\/wp\/v2\/product\/6697\/revisions"}],"predecessor-version":[{"id":27713,"href":"https:\/\/xiaomoxuan.ro\/ro\/wp-json\/wp\/v2\/product\/6697\/revisions\/27713"}],"wp:featuredmedia":[{"embeddable":true,"href":"https:\/\/xiaomoxuan.ro\/ro\/wp-json\/wp\/v2\/media\/7541"}],"wp:attachment":[{"href":"https:\/\/xiaomoxuan.ro\/ro\/wp-json\/wp\/v2\/media?parent=6697"}],"wp:term":[{"taxonomy":"product_brand","embeddable":true,"href":"https:\/\/xiaomoxuan.ro\/ro\/wp-json\/wp\/v2\/product_brand?post=6697"},{"taxonomy":"product_cat","embeddable":true,"href":"https:\/\/xiaomoxuan.ro\/ro\/wp-json\/wp\/v2\/product_cat?post=6697"},{"taxonomy":"product_tag","embeddable":true,"href":"https:\/\/xiaomoxuan.ro\/ro\/wp-json\/wp\/v2\/product_tag?post=6697"}],"curies":[{"name":"wp","href":"https:\/\/api.w.org\/{rel}","templated":true}]}}