{"id":14255,"date":"2025-03-25T22:45:51","date_gmt":"2025-03-25T19:45:51","guid":{"rendered":"https:\/\/xiaomoxuan.ro\/?post_type=product&#038;p=14255"},"modified":"2026-05-06T18:48:46","modified_gmt":"2026-05-06T16:48:46","slug":"spray-conditioner-ultra-balancing-200ml","status":"publish","type":"product","link":"https:\/\/xiaomoxuan.ro\/ru\/product\/spray-conditioner-ultra-balancing-200ml\/","title":{"rendered":"\u0411\u0410\u041b\u0410\u041d\u0421\u0418\u0420\u0423\u042e\u0429\u0418\u0419 \u041d\u0415\u0421\u041c\u042b\u0412\u0410\u0415\u041c\u042b\u0419 \u0421\u041f\u0420\u0415\u0419-\u041a\u041e\u041d\u0414\u0418\u0426\u0418\u041e\u041d\u0415\u0420 200 ml"},"content":{"rendered":"<div data-elementor-type=\"product-post\" data-elementor-id=\"14255\" class=\"elementor elementor-14255\">\n\t\t\t\t\t\t<section class=\"elementor-section elementor-top-section elementor-element elementor-element-7b235b12 elementor-section-boxed elementor-section-height-default elementor-section-height-default\" data-id=\"7b235b12\" data-element_type=\"section\">\n\t\t\t\t\t\t<div class=\"elementor-container elementor-column-gap-default\">\n\t\t\t\t\t<div class=\"elementor-column elementor-col-100 elementor-top-column elementor-element elementor-element-23c4dde3\" data-id=\"23c4dde3\" data-element_type=\"column\">\n\t\t\t<div class=\"elementor-widget-wrap elementor-element-populated\">\n\t\t\t\t\t\t<div class=\"elementor-element elementor-element-5298deb9 elementor-widget elementor-widget-text-editor\" data-id=\"5298deb9\" data-element_type=\"widget\" data-widget_type=\"text-editor.default\">\n\t\t\t\t<div class=\"elementor-widget-container\">\n\t\t\t\t\t\t\t\t\t<h3 data-start=\"260\" data-end=\"331\">\u00a0<\/h3><p data-start=\"200\" data-end=\"271\">\ud83c\udf38 <strong data-start=\"203\" data-end=\"271\">\u0421\u041f\u0420\u0415\u0419 \u2013 \u0423\u041b\u042c\u0422\u0420\u0410\u0411\u0410\u041b\u0410\u041d\u0421\u0418\u0420\u0423\u042e\u0429\u0418\u0419 \u041a\u041e\u041d\u0414\u0418\u0426\u0418\u041e\u041d\u0415\u0420 \u0434\u043b\u044f \u0432\u0441\u0435\u0445 \u0442\u0438\u043f\u043e\u0432 \u0432\u043e\u043b\u043e\u0441<\/strong><\/p><p data-start=\"273\" data-end=\"604\">\u0423\u0445\u043e\u0434 \u0437\u0430 \u0432\u043e\u043b\u043e\u0441\u0430\u043c\u0438 \u043d\u0435 \u043e\u0431\u044f\u0437\u0430\u0442\u0435\u043b\u044c\u043d\u043e \u0434\u043e\u043b\u0436\u0435\u043d \u0431\u044b\u0442\u044c \u0441\u043b\u043e\u0436\u043d\u044b\u043c. <strong data-start=\"322\" data-end=\"334\">\u0412\u043e\u0442 \u043f\u043e\u0447\u0435\u043c\u0443<\/strong>, \u0441 <strong data-start=\"339\" data-end=\"378\">\u0421\u041f\u0420\u0415\u0419 \u2013 \u0423\u041b\u042c\u0422\u0420\u0410\u0411\u0410\u041b\u0410\u041d\u0421\u0418\u0420\u0423\u042e\u0429\u0418\u0419 \u041a\u041e\u041d\u0414\u0418\u0426\u0418\u041e\u041d\u0415\u0420<\/strong>, \u043d\u0430\u0441\u043b\u0430\u0436\u0434\u0430\u0439\u0442\u0435\u0441\u044c \u0443\u0432\u043b\u0430\u0436\u043d\u0435\u043d\u0438\u0435\u043c, \u0437\u0430\u0449\u0438\u0442\u043e\u0439 \u0438 \u0431\u043b\u0435\u0441\u043a\u043e\u043c \u2014 \u0432\u0441\u0451 \u0437\u0430 \u043e\u0434\u0438\u043d \u0448\u0430\u0433. \u042d\u0442\u043e\u0442 \u043d\u0435\u0441\u043c\u044b\u0432\u0430\u0435\u043c\u044b\u0439 \u043a\u043e\u043d\u0434\u0438\u0446\u0438\u043e\u043d\u0435\u0440 \u2014 \u0438\u0434\u0435\u0430\u043b\u044c\u043d\u044b\u0439 \u0432\u044b\u0431\u043e\u0440 \u0434\u043b\u044f \u0442\u0435\u0445, \u043a\u0442\u043e \u0445\u043e\u0447\u0435\u0442 \u0437\u0434\u043e\u0440\u043e\u0432\u044b\u0445 \u0438 \u043f\u043e\u0441\u043b\u0443\u0448\u043d\u044b\u0445 \u0432\u043e\u043b\u043e\u0441 \u0431\u0435\u0437 \u0438\u0441\u043f\u043e\u043b\u044c\u0437\u043e\u0432\u0430\u043d\u0438\u044f \u043c\u043d\u043e\u0436\u0435\u0441\u0442\u0432\u0430 \u0440\u0430\u0437\u043b\u0438\u0447\u043d\u044b\u0445 \u0441\u0440\u0435\u0434\u0441\u0442\u0432.<\/p><p data-start=\"606\" data-end=\"874\"><strong data-start=\"606\" data-end=\"617\">\u041a\u0440\u043e\u043c\u0435 \u0442\u043e\u0433\u043e<\/strong>, \u0435\u0433\u043e \u0438\u043d\u043d\u043e\u0432\u0430\u0446\u0438\u043e\u043d\u043d\u0430\u044f \u0444\u043e\u0440\u043c\u0443\u043b\u0430 \u043e\u0431\u043e\u0433\u0430\u0449\u0435\u043d\u0430 \u043d\u0430\u0442\u0443\u0440\u0430\u043b\u044c\u043d\u044b\u043c\u0438 \u0438\u043d\u0433\u0440\u0435\u0434\u0438\u0435\u043d\u0442\u0430\u043c\u0438, \u043a\u043e\u0442\u043e\u0440\u044b\u0435 \u0433\u043b\u0443\u0431\u043e\u043a\u043e \u043f\u0438\u0442\u0430\u044e\u0442 \u0432\u043e\u043b\u043e\u0441\u044b. <strong data-start=\"723\" data-end=\"735\">\u041a\u0440\u043e\u043c\u0435<\/strong> \u0443\u0432\u043b\u0430\u0436\u043d\u044f\u044e\u0449\u0438\u0439 \u044d\u0444\u0444\u0435\u043a\u0442, \u0441\u043f\u0440\u0435\u0439 \u043e\u0431\u0435\u0441\u043f\u0435\u0447\u0438\u0432\u0430\u0435\u0442 \u0437\u0430\u0449\u0438\u0442\u0443 \u043e\u0442 \u0442\u0435\u0440\u043c\u0438\u0447\u0435\u0441\u043a\u0438\u0445 \u0438 \u0443\u043b\u044c\u0442\u0440\u0430\u0444\u0438\u043e\u043b\u0435\u0442\u043e\u0432\u044b\u0445 \u0444\u0430\u043a\u0442\u043e\u0440\u043e\u0432 \u0441\u0442\u0440\u0435\u0441\u0441\u0430, \u0441\u043e\u0445\u0440\u0430\u043d\u044f\u044f \u0432\u043e\u043b\u043e\u0441\u044b \u044d\u043b\u0430\u0441\u0442\u0438\u0447\u043d\u044b\u043c\u0438 \u0438 \u0448\u0435\u043b\u043a\u043e\u0432\u0438\u0441\u0442\u044b\u043c\u0438 <strong data-start=\"861\" data-end=\"873\">\u0434\u0435\u043d\u044c \u0437\u0430 \u0434\u043d\u0435\u043c<\/strong>.<\/p><hr data-start=\"876\" data-end=\"879\" \/><p data-start=\"881\" data-end=\"906\">\u2728 <strong data-start=\"883\" data-end=\"906\">\u041e\u0441\u043d\u043e\u0432\u043d\u044b\u0435 \u043f\u0440\u0435\u0438\u043c\u0443\u0449\u0435\u0441\u0442\u0432\u0430:<\/strong><\/p><ul data-start=\"908\" data-end=\"1170\"><li data-start=\"908\" data-end=\"959\"><p data-start=\"910\" data-end=\"959\">\u041e\u0431\u0435\u0441\u043f\u0435\u0447\u0438\u0432\u0430\u0435\u0442 \u0442\u0435\u043f\u043b\u043e\u0432\u0443\u044e \u0438 \u0423\u0424-\u0437\u0430\u0449\u0438\u0442\u0443<\/p><\/li><li data-start=\"960\" data-end=\"1013\"><p data-start=\"962\" data-end=\"1013\">\u0412\u043e\u0441\u0441\u0442\u0430\u043d\u0430\u0432\u043b\u0438\u0432\u0430\u0435\u0442 \u0435\u0441\u0442\u0435\u0441\u0442\u0432\u0435\u043d\u043d\u0443\u044e \u044d\u043b\u0430\u0441\u0442\u0438\u0447\u043d\u043e\u0441\u0442\u044c \u0438 \u0443\u043f\u0440\u0443\u0433\u043e\u0441\u0442\u044c \u0432\u043e\u043b\u043e\u0441<\/p><\/li><li data-start=\"1014\" data-end=\"1058\"><p data-start=\"1016\" data-end=\"1058\">\u041e\u0431\u043b\u0435\u0433\u0447\u0430\u0435\u0442 \u0443\u043a\u043b\u0430\u0434\u043a\u0443 \u0438 \u0443\u043c\u0435\u043d\u044c\u0448\u0430\u0435\u0442 \u043f\u0443\u0448\u0438\u0441\u0442\u043e\u0441\u0442\u044c<\/p><\/li><li data-start=\"1059\" data-end=\"1119\"><p data-start=\"1061\" data-end=\"1119\">\u0418\u0434\u0435\u0430\u043b\u044c\u043d\u043e \u043f\u043e\u0434\u0445\u043e\u0434\u0438\u0442 \u0434\u043b\u044f \u0432\u0441\u0435\u0445 \u0442\u0438\u043f\u043e\u0432 \u0432\u043e\u043b\u043e\u0441, \u0432\u043a\u043b\u044e\u0447\u0430\u044f \u043e\u043a\u0440\u0430\u0448\u0435\u043d\u043d\u044b\u0435.<\/p><\/li><li data-start=\"1120\" data-end=\"1170\"><p data-start=\"1122\" data-end=\"1170\">\u041c\u043e\u0436\u043d\u043e \u0438\u0441\u043f\u043e\u043b\u044c\u0437\u043e\u0432\u0430\u0442\u044c \u0435\u0436\u0435\u0434\u043d\u0435\u0432\u043d\u043e, \u0434\u0430\u0436\u0435 \u043d\u0430 \u0441\u0443\u0445\u0438\u0445 \u0432\u043e\u043b\u043e\u0441\u0430\u0445.<\/p><\/li><\/ul><hr data-start=\"1172\" data-end=\"1175\" \/><p data-start=\"1177\" data-end=\"1200\">\ud83d\udca1 <strong data-start=\"1180\" data-end=\"1200\">\u041a\u0430\u043a \u0438\u0441\u043f\u043e\u043b\u044c\u0437\u043e\u0432\u0430\u0442\u044c<\/strong><\/p><p data-start=\"1202\" data-end=\"1489\"><strong data-start=\"1202\" data-end=\"1222\">\u041f\u0440\u0435\u0436\u0434\u0435 \u0432\u0441\u0435\u0433\u043e<\/strong>, \u0445\u043e\u0440\u043e\u0448\u043e \u0432\u0441\u0442\u0440\u044f\u0445\u043d\u0438\u0442\u0435 \u0444\u043b\u0430\u043a\u043e\u043d. \u0417\u0430\u0442\u0435\u043c \u0440\u0430\u0441\u043f\u044b\u043b\u0438\u0442\u0435 \u0441\u0440\u0435\u0434\u0441\u0442\u0432\u043e \u043d\u0430 \u0447\u0438\u0441\u0442\u044b\u0435, \u043f\u043e\u0434\u0441\u0443\u0448\u0435\u043d\u043d\u044b\u0435 \u043f\u043e\u043b\u043e\u0442\u0435\u043d\u0446\u0435\u043c \u0432\u043e\u043b\u043e\u0441\u044b, \u0440\u0430\u0432\u043d\u043e\u043c\u0435\u0440\u043d\u043e \u0440\u0430\u0441\u043f\u0440\u0435\u0434\u0435\u043b\u044f\u044f \u0435\u0433\u043e \u043f\u043e \u0432\u0441\u0435\u0439 \u0434\u043b\u0438\u043d\u0435 \u0438 \u043d\u0430 \u043a\u043e\u043d\u0447\u0438\u043a\u0438. <strong data-start=\"1358\" data-end=\"1372\">\u0412\u0430\u0436\u043d\u044b\u0439:<\/strong> \u043d\u0435 \u0442\u0440\u0435\u0431\u0443\u0435\u0442 \u0441\u043c\u044b\u0432\u0430\u043d\u0438\u044f. <strong data-start=\"1394\" data-end=\"1405\">\u041a\u0440\u043e\u043c\u0435 \u0442\u043e\u0433\u043e<\/strong>, \u043c\u043e\u0436\u043d\u043e \u043d\u0430\u043d\u043e\u0441\u0438\u0442\u044c \u043f\u043e\u0432\u0442\u043e\u0440\u043d\u043e \u0432 \u0442\u0435\u0447\u0435\u043d\u0438\u0435 \u0434\u043d\u044f, \u043e\u0431\u0435\u0441\u043f\u0435\u0447\u0438\u0432\u0430\u044f \u0443\u0432\u043b\u0430\u0436\u043d\u0435\u043d\u0438\u0435 \u0438 \u0441\u0432\u0435\u0436\u0435\u0441\u0442\u044c.<\/p><hr data-start=\"1491\" data-end=\"1494\" \/><p data-start=\"1496\" data-end=\"1521\">\ud83c\udf3f <strong data-start=\"1499\" data-end=\"1521\">\u0410\u043a\u0442\u0438\u0432\u043d\u044b\u0435 \u0438\u043d\u0433\u0440\u0435\u0434\u0438\u0435\u043d\u0442\u044b:<\/strong><\/p><p data-start=\"1523\" data-end=\"1721\">\u0421\u043e\u0434\u0435\u0440\u0436\u0438\u0442 \u043f\u0440\u043e\u0432\u0438\u0442\u0430\u043c\u0438\u043d B5, \u0430\u043c\u0438\u043d\u043e\u043a\u0438\u0441\u043b\u043e\u0442\u044b, Keravis\u2122, \u043d\u0430\u043b\u0438\u0434\u043e\u043d \u0438 \u0433\u0438\u043f\u043e\u0430\u043b\u043b\u0435\u0440\u0433\u0435\u043d\u043d\u044b\u0439 \u0430\u0440\u043e\u043c\u0430\u0442\u0438\u0437\u0430\u0442\u043e\u0440 \u2014 \u0442\u0449\u0430\u0442\u0435\u043b\u044c\u043d\u043e \u0440\u0430\u0437\u0440\u0430\u0431\u043e\u0442\u0430\u043d\u043d\u0443\u044e \u043a\u043e\u043c\u0431\u0438\u043d\u0430\u0446\u0438\u044e \u0434\u043b\u044f \u0432\u043e\u0441\u0441\u0442\u0430\u043d\u043e\u0432\u043b\u0435\u043d\u0438\u044f \u0441\u0442\u0440\u0443\u043a\u0442\u0443\u0440\u044b \u0432\u043e\u043b\u043e\u0441 \u0438 \u043f\u043e\u0434\u0434\u0435\u0440\u0436\u0430\u043d\u0438\u044f \u0435\u0441\u0442\u0435\u0441\u0442\u0432\u0435\u043d\u043d\u043e\u0433\u043e \u0431\u0430\u043b\u0430\u043d\u0441\u0430 \u043a\u043e\u0436\u0438 \u0433\u043e\u043b\u043e\u0432\u044b.<\/p><hr data-start=\"1723\" data-end=\"1726\" \/><p data-start=\"1728\" data-end=\"1756\">\ud83d\udd17 <strong data-start=\"1731\" data-end=\"1756\">\u0414\u043e\u043f\u043e\u043b\u043d\u0438\u0442\u0435\u043b\u044c\u043d\u044b\u0435 \u043f\u0440\u043e\u0434\u0443\u043a\u0442\u044b<\/strong><\/p><p data-start=\"1758\" data-end=\"1945\"><strong data-start=\"1758\" data-end=\"1786\">\u0414\u043b\u044f \u043f\u043e\u043b\u043d\u043e\u0433\u043e \u0440\u0438\u0442\u0443\u0430\u043b\u0430<\/strong>, \u043c\u044b \u0440\u0435\u043a\u043e\u043c\u0435\u043d\u0434\u0443\u0435\u043c <a class=\"cursor-pointer\" target=\"_new\" rel=\"noopener\" data-start=\"1803\" data-end=\"1885\">Xiaomoxuan \u0411\u0430\u043b\u0430\u043d\u0441\u0438\u0440\u0443\u044e\u0449\u0438\u0439 \u0448\u0430\u043c\u043f\u0443\u043d\u044c<\/a>, \u043a\u043e\u0442\u043e\u0440\u044b\u0439 \u0438\u0434\u0435\u0430\u043b\u044c\u043d\u043e \u0434\u043e\u043f\u043e\u043b\u043d\u044f\u0435\u0442 \u0434\u0435\u0439\u0441\u0442\u0432\u0438\u0435 \u044d\u0442\u043e\u0433\u043e \u043d\u0435\u0441\u043c\u044b\u0432\u0430\u0435\u043c\u043e\u0433\u043e \u043a\u043e\u043d\u0434\u0438\u0446\u0438\u043e\u043d\u0435\u0440\u0430.<\/p><hr data-start=\"1947\" data-end=\"1950\" \/><p data-start=\"1952\" data-end=\"1982\">\ud83d\udce6 <strong data-start=\"1955\" data-end=\"1982\">\u0414\u043e\u043f\u043e\u043b\u043d\u0438\u0442\u0435\u043b\u044c\u043d\u0430\u044f \u0438\u043d\u0444\u043e\u0440\u043c\u0430\u0446\u0438\u044f<\/strong><\/p><p data-start=\"1984\" data-end=\"2084\">\u0425\u0440\u0430\u043d\u0438\u0442\u044c \u0432 \u0441\u0443\u0445\u043e\u043c \u043c\u0435\u0441\u0442\u0435, \u0432\u0434\u0430\u043b\u0438 \u043e\u0442 \u043f\u0440\u044f\u043c\u044b\u0445 \u0441\u043e\u043b\u043d\u0435\u0447\u043d\u044b\u0445 \u043b\u0443\u0447\u0435\u0439, \u043f\u0440\u0438 \u0442\u0435\u043c\u043f\u0435\u0440\u0430\u0442\u0443\u0440\u0435 \u043e\u0442 5\u00b0C \u0434\u043e 30\u00b0C.<\/p><div style=\"display: flex; border-radius: 15px; align-items: center; gap: 15px; justify-content: center;\"><p><strong>\u0418\u0437\u043e\u0431\u0440\u0430\u0436\u0435\u043d\u0438\u044f\/\u0412\u0438\u0434\u0435\u043e<\/strong><\/p><p><a href=\"https:\/\/www.instagram.com\/p\/DLSWvsqIGQo\/?igsh=MXN3cWVlY2doaGFrZw==\"><img decoding=\"async\" class=\"alignnone wp-image-9868\" style=\"border-radius: 10px; border: transparent; margin-bottom: -7px;\" src=\"https:\/\/xiaomoxuan.ro\/wp-content\/uploads\/2023\/09\/instagram.svg\" alt=\"\" width=\"30\" height=\"30\" \/><\/a><\/p><\/div><p style=\"text-align: center;\">\u00a0<\/p>\t\t\t\t\t\t\t\t<\/div>\n\t\t\t\t<\/div>\n\t\t\t\t\t<\/div>\n\t\t<\/div>\n\t\t\t\t\t<\/div>\n\t\t<\/section>\n\t\t\t\t<\/div>","protected":false},"excerpt":{"rendered":"<p>\ud83c\udf38 SPRAY &#8211; CONDITIONER ULTRA BALANCING pentru toate tipurile de p\u0103r \u00cengrijirea p\u0103rului nu trebuie s\u0103 fie complicat\u0103. De aceea, cu SPRAY &#8211; CONDITIONER ULTRA BALANCING, te bucuri de hidratare, protec\u021bie \u0219i str\u0103lucire \u2013 toate \u00eentr-un singur pas. Acest balsam leave-in este alegerea perfect\u0103 pentru cei care \u00ee\u0219i doresc un p\u0103r s\u0103n\u0103tos \u0219i u\u0219or de &hellip; <a href=\"https:\/\/xiaomoxuan.ro\/ru\/product\/spray-conditioner-ultra-balancing-200ml\/\" class=\"more-link\">Continue reading <span class=\"screen-reader-text\">\u0411\u0410\u041b\u0410\u041d\u0421\u0418\u0420\u0423\u042e\u0429\u0418\u0419 \u041d\u0415\u0421\u041c\u042b\u0412\u0410\u0415\u041c\u042b\u0419 \u0421\u041f\u0420\u0415\u0419-\u041a\u041e\u041d\u0414\u0418\u0426\u0418\u041e\u041d\u0415\u0420 200 ml<\/span><\/a><\/p>","protected":false},"featured_media":17937,"comment_status":"open","ping_status":"closed","template":"","meta":[],"product_brand":[],"product_cat":[57,59],"product_tag":[],"class_list":{"0":"post-14255","1":"product","2":"type-product","3":"status-publish","4":"has-post-thumbnail","6":"product_cat-diverse","7":"product_cat-sampon","8":"pa_size-200ml","11":"instock","12":"featured","13":"taxable","14":"shipping-taxable","15":"purchasable","16":"product-type-simple"},"yoast_head":"<!-- This site is optimized with the Yoast SEO Premium plugin v26.9 (Yoast SEO v26.9) - https:\/\/yoast.com\/product\/yoast-seo-premium-wordpress\/ -->\n<title>SPRAY - CONDITIONER ULTRA BALANCING 200ml - Lumea cosmeticelor naturale Xiaomoxuan<\/title>\n<meta name=\"description\" content=\"Spray Condi\u021bioner Xiaomoxuan Balancing ideal pentru toate tipurile de p\u0103r \u2014 un singur pas pentru a \u00eenlocui numeroase produse tradi\u021bionale de \u00eengrijire \u0219i styling.\" \/>\n<meta name=\"robots\" content=\"index, follow, max-snippet:-1, max-image-preview:large, max-video-preview:-1\" \/>\n<link rel=\"canonical\" href=\"https:\/\/xiaomoxuan.ro\/ru\/product\/spray-conditioner-ultra-balancing-200ml\/\" \/>\n<meta property=\"og:locale\" content=\"ru_RU\" \/>\n<meta property=\"og:type\" content=\"article\" \/>\n<meta property=\"og:title\" content=\"SPRAY - CONDITIONER ULTRA BALANCING 200ml\" \/>\n<meta property=\"og:description\" content=\"Spray Condi\u021bioner Xiaomoxuan Balancing ideal pentru toate tipurile de p\u0103r \u2014 un singur pas pentru a \u00eenlocui numeroase produse tradi\u021bionale de \u00eengrijire \u0219i styling.\" \/>\n<meta property=\"og:url\" content=\"https:\/\/xiaomoxuan.ro\/ru\/product\/spray-conditioner-ultra-balancing-200ml\/\" \/>\n<meta property=\"og:site_name\" content=\"Lumea cosmeticelor naturale Xiaomoxuan\" \/>\n<meta property=\"article:modified_time\" content=\"2026-05-06T16:48:46+00:00\" \/>\n<meta property=\"og:image\" content=\"https:\/\/xiaomoxuan.ro\/wp-content\/uploads\/2025\/03\/WhatsApp-Image-2025-06-30-at-15.11.44.jpeg\" \/>\n\t<meta property=\"og:image:width\" content=\"960\" \/>\n\t<meta property=\"og:image:height\" content=\"1280\" \/>\n\t<meta property=\"og:image:type\" content=\"image\/jpeg\" \/>\n<meta name=\"twitter:card\" content=\"summary_large_image\" \/>\n<meta name=\"twitter:label1\" content=\"\u041f\u0440\u0438\u043c\u0435\u0440\u043d\u043e\u0435 \u0432\u0440\u0435\u043c\u044f \u0434\u043b\u044f \u0447\u0442\u0435\u043d\u0438\u044f\" \/>\n\t<meta name=\"twitter:data1\" content=\"2 \u043c\u0438\u043d\u0443\u0442\u044b\" \/>\n<script type=\"application\/ld+json\" class=\"yoast-schema-graph\">{\"@context\":\"https:\/\/schema.org\",\"@graph\":[{\"@type\":\"WebPage\",\"@id\":\"https:\/\/xiaomoxuan.ro\/product\/spray-conditioner-ultra-balancing-200ml\/\",\"url\":\"https:\/\/xiaomoxuan.ro\/product\/spray-conditioner-ultra-balancing-200ml\/\",\"name\":\"SPRAY - CONDITIONER ULTRA BALANCING 200ml - Lumea cosmeticelor naturale Xiaomoxuan\",\"isPartOf\":{\"@id\":\"https:\/\/xiaomoxuan.ro\/#website\"},\"primaryImageOfPage\":{\"@id\":\"https:\/\/xiaomoxuan.ro\/product\/spray-conditioner-ultra-balancing-200ml\/#primaryimage\"},\"image\":{\"@id\":\"https:\/\/xiaomoxuan.ro\/product\/spray-conditioner-ultra-balancing-200ml\/#primaryimage\"},\"thumbnailUrl\":\"https:\/\/xiaomoxuan.ro\/wp-content\/uploads\/2025\/03\/WhatsApp-Image-2025-06-30-at-15.11.44.jpeg\",\"datePublished\":\"2025-03-25T19:45:51+00:00\",\"dateModified\":\"2026-05-06T16:48:46+00:00\",\"description\":\"Spray Condi\u021bioner Xiaomoxuan Balancing ideal pentru toate tipurile de p\u0103r \u2014 un singur pas pentru a \u00eenlocui numeroase produse tradi\u021bionale de \u00eengrijire \u0219i styling.\",\"breadcrumb\":{\"@id\":\"https:\/\/xiaomoxuan.ro\/product\/spray-conditioner-ultra-balancing-200ml\/#breadcrumb\"},\"inLanguage\":\"ru-RU\",\"potentialAction\":[{\"@type\":\"ReadAction\",\"target\":[\"https:\/\/xiaomoxuan.ro\/product\/spray-conditioner-ultra-balancing-200ml\/\"]}]},{\"@type\":\"ImageObject\",\"inLanguage\":\"ru-RU\",\"@id\":\"https:\/\/xiaomoxuan.ro\/product\/spray-conditioner-ultra-balancing-200ml\/#primaryimage\",\"url\":\"https:\/\/xiaomoxuan.ro\/wp-content\/uploads\/2025\/03\/WhatsApp-Image-2025-06-30-at-15.11.44.jpeg\",\"contentUrl\":\"https:\/\/xiaomoxuan.ro\/wp-content\/uploads\/2025\/03\/WhatsApp-Image-2025-06-30-at-15.11.44.jpeg\",\"width\":960,\"height\":1280},{\"@type\":\"BreadcrumbList\",\"@id\":\"https:\/\/xiaomoxuan.ro\/product\/spray-conditioner-ultra-balancing-200ml\/#breadcrumb\",\"itemListElement\":[{\"@type\":\"ListItem\",\"position\":1,\"name\":\"\u0413\u043b\u0430\u0432\u043d\u0430\u044f \u0441\u0442\u0440\u0430\u043d\u0438\u0446\u0430\",\"item\":\"https:\/\/xiaomoxuan.ro\/ro\/\"},{\"@type\":\"ListItem\",\"position\":2,\"name\":\"Magazin\",\"item\":\"https:\/\/xiaomoxuan.ro\/shop\/\"},{\"@type\":\"ListItem\",\"position\":3,\"name\":\"SPRAY &#8211; CONDITIONER ULTRA BALANCING 200ml\"}]},{\"@type\":\"WebSite\",\"@id\":\"https:\/\/xiaomoxuan.ro\/#website\",\"url\":\"https:\/\/xiaomoxuan.ro\/\",\"name\":\"Lumea cosmeticelor naturale Xiaomoxuan\",\"description\":\"\",\"publisher\":{\"@id\":\"https:\/\/xiaomoxuan.ro\/#organization\"},\"potentialAction\":[{\"@type\":\"SearchAction\",\"target\":{\"@type\":\"EntryPoint\",\"urlTemplate\":\"https:\/\/xiaomoxuan.ro\/?s={search_term_string}\"},\"query-input\":{\"@type\":\"PropertyValueSpecification\",\"valueRequired\":true,\"valueName\":\"search_term_string\"}}],\"inLanguage\":\"ru-RU\"},{\"@type\":\"Organization\",\"@id\":\"https:\/\/xiaomoxuan.ro\/#organization\",\"name\":\"Xiaomoxuan\",\"url\":\"https:\/\/xiaomoxuan.ro\/\",\"logo\":{\"@type\":\"ImageObject\",\"inLanguage\":\"ru-RU\",\"@id\":\"https:\/\/xiaomoxuan.ro\/#\/schema\/logo\/image\/\",\"url\":\"https:\/\/xiaomoxuan.ro\/wp-content\/uploads\/2024\/06\/green-logo.png\",\"contentUrl\":\"https:\/\/xiaomoxuan.ro\/wp-content\/uploads\/2024\/06\/green-logo.png\",\"width\":512,\"height\":512,\"caption\":\"Xiaomoxuan\"},\"image\":{\"@id\":\"https:\/\/xiaomoxuan.ro\/#\/schema\/logo\/image\/\"}}]}<\/script>\n<!-- \/ Yoast SEO Premium plugin. -->","yoast_head_json":{"title":"SPRAY - CONDITIONER ULTRA BALANCING 200ml - Lumea cosmeticelor naturale Xiaomoxuan","description":"Spray Condi\u021bioner Xiaomoxuan Balancing ideal pentru toate tipurile de p\u0103r \u2014 un singur pas pentru a \u00eenlocui numeroase produse tradi\u021bionale de \u00eengrijire \u0219i styling.","robots":{"index":"index","follow":"follow","max-snippet":"max-snippet:-1","max-image-preview":"max-image-preview:large","max-video-preview":"max-video-preview:-1"},"canonical":"https:\/\/xiaomoxuan.ro\/ru\/product\/spray-conditioner-ultra-balancing-200ml\/","og_locale":"ru_RU","og_type":"article","og_title":"SPRAY - CONDITIONER ULTRA BALANCING 200ml","og_description":"Spray Condi\u021bioner Xiaomoxuan Balancing ideal pentru toate tipurile de p\u0103r \u2014 un singur pas pentru a \u00eenlocui numeroase produse tradi\u021bionale de \u00eengrijire \u0219i styling.","og_url":"https:\/\/xiaomoxuan.ro\/ru\/product\/spray-conditioner-ultra-balancing-200ml\/","og_site_name":"Lumea cosmeticelor naturale Xiaomoxuan","article_modified_time":"2026-05-06T16:48:46+00:00","og_image":[{"width":960,"height":1280,"url":"https:\/\/xiaomoxuan.ro\/wp-content\/uploads\/2025\/03\/WhatsApp-Image-2025-06-30-at-15.11.44.jpeg","type":"image\/jpeg"}],"twitter_card":"summary_large_image","twitter_misc":{"\u041f\u0440\u0438\u043c\u0435\u0440\u043d\u043e\u0435 \u0432\u0440\u0435\u043c\u044f \u0434\u043b\u044f \u0447\u0442\u0435\u043d\u0438\u044f":"2 \u043c\u0438\u043d\u0443\u0442\u044b"},"schema":{"@context":"https:\/\/schema.org","@graph":[{"@type":"WebPage","@id":"https:\/\/xiaomoxuan.ro\/product\/spray-conditioner-ultra-balancing-200ml\/","url":"https:\/\/xiaomoxuan.ro\/product\/spray-conditioner-ultra-balancing-200ml\/","name":"SPRAY - CONDITIONER ULTRA BALANCING 200ml - Lumea cosmeticelor naturale Xiaomoxuan","isPartOf":{"@id":"https:\/\/xiaomoxuan.ro\/#website"},"primaryImageOfPage":{"@id":"https:\/\/xiaomoxuan.ro\/product\/spray-conditioner-ultra-balancing-200ml\/#primaryimage"},"image":{"@id":"https:\/\/xiaomoxuan.ro\/product\/spray-conditioner-ultra-balancing-200ml\/#primaryimage"},"thumbnailUrl":"https:\/\/xiaomoxuan.ro\/wp-content\/uploads\/2025\/03\/WhatsApp-Image-2025-06-30-at-15.11.44.jpeg","datePublished":"2025-03-25T19:45:51+00:00","dateModified":"2026-05-06T16:48:46+00:00","description":"Spray Condi\u021bioner Xiaomoxuan Balancing ideal pentru toate tipurile de p\u0103r \u2014 un singur pas pentru a \u00eenlocui numeroase produse tradi\u021bionale de \u00eengrijire \u0219i styling.","breadcrumb":{"@id":"https:\/\/xiaomoxuan.ro\/product\/spray-conditioner-ultra-balancing-200ml\/#breadcrumb"},"inLanguage":"ru-RU","potentialAction":[{"@type":"ReadAction","target":["https:\/\/xiaomoxuan.ro\/product\/spray-conditioner-ultra-balancing-200ml\/"]}]},{"@type":"ImageObject","inLanguage":"ru-RU","@id":"https:\/\/xiaomoxuan.ro\/product\/spray-conditioner-ultra-balancing-200ml\/#primaryimage","url":"https:\/\/xiaomoxuan.ro\/wp-content\/uploads\/2025\/03\/WhatsApp-Image-2025-06-30-at-15.11.44.jpeg","contentUrl":"https:\/\/xiaomoxuan.ro\/wp-content\/uploads\/2025\/03\/WhatsApp-Image-2025-06-30-at-15.11.44.jpeg","width":960,"height":1280},{"@type":"BreadcrumbList","@id":"https:\/\/xiaomoxuan.ro\/product\/spray-conditioner-ultra-balancing-200ml\/#breadcrumb","itemListElement":[{"@type":"ListItem","position":1,"name":"\u0413\u043b\u0430\u0432\u043d\u0430\u044f \u0441\u0442\u0440\u0430\u043d\u0438\u0446\u0430","item":"https:\/\/xiaomoxuan.ro\/ro\/"},{"@type":"ListItem","position":2,"name":"Magazin","item":"https:\/\/xiaomoxuan.ro\/shop\/"},{"@type":"ListItem","position":3,"name":"SPRAY &#8211; CONDITIONER ULTRA BALANCING 200ml"}]},{"@type":"WebSite","@id":"https:\/\/xiaomoxuan.ro\/#website","url":"https:\/\/xiaomoxuan.ro\/","name":"Lumea cosmeticelor naturale Xiaomoxuan","description":"","publisher":{"@id":"https:\/\/xiaomoxuan.ro\/#organization"},"potentialAction":[{"@type":"SearchAction","target":{"@type":"EntryPoint","urlTemplate":"https:\/\/xiaomoxuan.ro\/?s={search_term_string}"},"query-input":{"@type":"PropertyValueSpecification","valueRequired":true,"valueName":"search_term_string"}}],"inLanguage":"ru-RU"},{"@type":"Organization","@id":"https:\/\/xiaomoxuan.ro\/#organization","name":"Xiaomoxuan","url":"https:\/\/xiaomoxuan.ro\/","logo":{"@type":"ImageObject","inLanguage":"ru-RU","@id":"https:\/\/xiaomoxuan.ro\/#\/schema\/logo\/image\/","url":"https:\/\/xiaomoxuan.ro\/wp-content\/uploads\/2024\/06\/green-logo.png","contentUrl":"https:\/\/xiaomoxuan.ro\/wp-content\/uploads\/2024\/06\/green-logo.png","width":512,"height":512,"caption":"Xiaomoxuan"},"image":{"@id":"https:\/\/xiaomoxuan.ro\/#\/schema\/logo\/image\/"}}]}},"_links":{"self":[{"href":"https:\/\/xiaomoxuan.ro\/ru\/wp-json\/wp\/v2\/product\/14255","targetHints":{"allow":["GET"]}}],"collection":[{"href":"https:\/\/xiaomoxuan.ro\/ru\/wp-json\/wp\/v2\/product"}],"about":[{"href":"https:\/\/xiaomoxuan.ro\/ru\/wp-json\/wp\/v2\/types\/product"}],"replies":[{"embeddable":true,"href":"https:\/\/xiaomoxuan.ro\/ru\/wp-json\/wp\/v2\/comments?post=14255"}],"version-history":[{"count":2,"href":"https:\/\/xiaomoxuan.ro\/ru\/wp-json\/wp\/v2\/product\/14255\/revisions"}],"predecessor-version":[{"id":25304,"href":"https:\/\/xiaomoxuan.ro\/ru\/wp-json\/wp\/v2\/product\/14255\/revisions\/25304"}],"wp:featuredmedia":[{"embeddable":true,"href":"https:\/\/xiaomoxuan.ro\/ru\/wp-json\/wp\/v2\/media\/17937"}],"wp:attachment":[{"href":"https:\/\/xiaomoxuan.ro\/ru\/wp-json\/wp\/v2\/media?parent=14255"}],"wp:term":[{"taxonomy":"product_brand","embeddable":true,"href":"https:\/\/xiaomoxuan.ro\/ru\/wp-json\/wp\/v2\/product_brand?post=14255"},{"taxonomy":"product_cat","embeddable":true,"href":"https:\/\/xiaomoxuan.ro\/ru\/wp-json\/wp\/v2\/product_cat?post=14255"},{"taxonomy":"product_tag","embeddable":true,"href":"https:\/\/xiaomoxuan.ro\/ru\/wp-json\/wp\/v2\/product_tag?post=14255"}],"curies":[{"name":"wp","href":"https:\/\/api.w.org\/{rel}","templated":true}]}}