{"id":6709,"date":"2023-08-29T23:00:57","date_gmt":"2023-08-29T20:00:57","guid":{"rendered":"https:\/\/xiaomoxuan.ro\/?post_type=product&#038;p=6709"},"modified":"2026-05-06T15:42:12","modified_gmt":"2026-05-06T13:42:12","slug":"masca-arbore-de-ceai","status":"publish","type":"product","link":"https:\/\/xiaomoxuan.ro\/ru\/product\/masca-arbore-de-ceai\/","title":{"rendered":"XIAOMOXUAN \u041c\u0410\u0421\u041a\u0410 \u0427\u0410\u0419\u041d\u041e\u0413\u041e \u0414\u0415\u0420\u0415\u0412\u0410 550ml"},"content":{"rendered":"<div data-elementor-type=\"product-post\" data-elementor-id=\"6709\" class=\"elementor elementor-6709\">\n\t\t\t\t\t\t<section class=\"elementor-section elementor-top-section elementor-element elementor-element-40a6466e elementor-section-boxed elementor-section-height-default elementor-section-height-default\" data-id=\"40a6466e\" data-element_type=\"section\">\n\t\t\t\t\t\t<div class=\"elementor-container elementor-column-gap-default\">\n\t\t\t\t\t<div class=\"elementor-column elementor-col-100 elementor-top-column elementor-element elementor-element-363ce07f\" data-id=\"363ce07f\" data-element_type=\"column\">\n\t\t\t<div class=\"elementor-widget-wrap elementor-element-populated\">\n\t\t\t\t\t\t<div class=\"elementor-element elementor-element-1e797b6d elementor-widget elementor-widget-text-editor\" data-id=\"1e797b6d\" data-element_type=\"widget\" data-widget_type=\"text-editor.default\">\n\t\t\t\t<div class=\"elementor-widget-container\">\n\t\t\t\t\t\t\t\t\t<div class=\"elementor-element elementor-element-d5d6d94 elementor-widget elementor-widget-woocommerce-product-content\" data-id=\"d5d6d94\" data-element_type=\"widget\" data-widget_type=\"woocommerce-product-content.default\"><div class=\"elementor-widget-container\"><div class=\"elementor-element elementor-element-d5d6d94 elementor-widget elementor-widget-woocommerce-product-content\" data-id=\"d5d6d94\" data-element_type=\"widget\" data-widget_type=\"woocommerce-product-content.default\"><div class=\"elementor-widget-container\"><div class=\"elementor-element elementor-element-d5d6d94 elementor-widget elementor-widget-woocommerce-product-content\" data-id=\"d5d6d94\" data-element_type=\"widget\" data-widget_type=\"woocommerce-product-content.default\"><div class=\"elementor-widget-container\"><p style=\"display: none;\">Masc\u0103<\/p><p class=\"p1\"><b>Xiaomoxuan Tea Tree Mask 550 ml<\/b><\/p><p class=\"p1\"><strong><br \/>\u041d\u0415 \u0421\u041e\u0414\u0415\u0420\u0416\u0418\u0422 \u0421\u0423\u041b\u042c\u0424\u0410\u0422\u041e\u0412, \u041f\u0410\u0420\u0410\u0411\u0415\u041d\u041e\u0412 \u0418 \u041a\u0420\u0410\u0421\u0418\u0422\u0415\u041b\u0415\u0419<\/strong><\/p><p>\u0423\u043d\u0438\u043a\u0430\u043b\u044c\u043d\u0430\u044f \u043a\u043e\u043d\u0446\u0435\u043d\u0442\u0440\u0438\u0440\u043e\u0432\u0430\u043d\u043d\u0430\u044f  \u0444\u043e\u0440\u043c\u0443\u043b\u0430 \u043c\u0430\u0441\u043a\u0438 \u0434\u043b\u044f \u0432\u043e\u043b\u043e\u0441 xiaomoxuan \u0438\u0437\u0433\u043e\u0442\u043e\u0432\u043b\u0435\u043d\u0430 \u043d\u0430 \u043d\u0430\u0442\u0443\u0440\u0430\u043b\u044c\u043d\u043e\u0439 \u043e\u0441\u043d\u043e\u0432\u0435 \u043b\u0438\u0441\u0442\u044c\u0435\u0432  \u0447\u0430\u0439\u043d\u043e\u0433\u043e \u0434\u0435\u0440\u0435\u0432\u0430.<\/p><p class=\"p1\"><strong>\u041c\u0430\u0441\u043a\u0430 \u0434\u0430\u0435\u0442 \u0432\u0430\u0448\u0438\u043c \u0432\u043e\u043b\u043e\u0441\u0430\u043c<\/strong>:<\/p><ul><li class=\"p1\">\u0415\u0441\u0442\u0435\u0441\u0442\u0432\u0435\u043d\u043d\u044b\u0439 \u0431\u043b\u0435\u0441\u043a<\/li><li class=\"p1\">\u041f\u043e\u0432\u044b\u0448\u0435\u043d\u043d\u0443\u044e \u0443\u043f\u0440\u0443\u0433\u043e\u0441\u0442\u044c<\/li><li class=\"p1\">\u042d\u0444\u0444\u0435\u043a\u0442\u0438\u0432\u043d\u043e\u0435 \u0441\u043d\u0438\u0436\u0435\u043d\u0438\u0435 \u044d\u043b\u0435\u043a\u0442\u0440\u0438\u0437\u0443\u0435\u043c\u043e\u0441\u0442\u0438<\/li><li class=\"p1\">\u041c\u0430\u043a\u0441\u0438\u043c\u0430\u043b\u044c\u043d\u043e\u0435 \u0443\u0432\u043b\u0430\u0436\u043d\u0435\u043d\u0438\u0435<\/li><li class=\"p1\">\u041f\u043e\u043b\u043d\u043e\u0435 \u0432\u043e\u0441\u0441\u0442\u0430\u043d\u043e\u0432\u043b\u0435\u043d\u0438\u0435 \u043f\u043e\u0441\u043b\u0435 \u043e\u043a\u0440\u0430\u0448\u0438\u0432\u0430\u043d\u0438\u044f \u0438 \u0445\u0438\u043c\u0438\u0447\u0435\u0441\u043a\u0438\u0445 \u0437\u0430\u0432\u0438\u0432\u043e\u043a<\/li><li class=\"p1\">\u041e\u0431\u043b\u0435\u0433\u0447\u0430\u0435\u0442 \u0440\u0430\u0441\u0447\u0435\u0441\u044b\u0432\u0430\u043d\u0438\u0435<\/li><li class=\"p1\">\u0421\u0442\u0438\u043c\u0443\u043b\u0438\u0440\u0443\u0435\u0442 \u0440\u043e\u0441\u0442 \u0432\u043e\u043b\u043e\u0441<\/li><li class=\"p1\">\u0423\u0431\u0438\u0440\u0430\u0435\u0442 \u0447\u0440\u0435\u0437\u043c\u0435\u0440\u043d\u0443\u044e \u043b\u043e\u043c\u043a\u043e\u0441\u0442\u044c<\/li><\/ul><p><strong><a style=\"color: #555;\" href=\"https:\/\/xiaomoxuan.ro\/ru\/product\/masca-xiaomoxuan-de-arbore-de-ceai\/\">\u041c\u0430\u0441\u043a\u0430 Xiaomoxuan<\/a> \u0421\u043e\u0434\u0435\u0440\u0436\u0438\u0442 \u043a\u043e\u043c\u043f\u043b\u0435\u043a\u0441\u044b \u0432\u0438\u0442\u0430\u043c\u0438\u043d\u043e\u0432 A, B5, E, F (5%), D.<\/strong><\/p><p><strong>\u0421\u043f\u043e\u0441\u043e\u0431 \u043f\u0440\u0438\u043c\u0435\u043d\u0435\u043d\u0438\u044f<\/strong>:<\/p><ul><li>\u041f\u043e\u0441\u043b\u0435 \u043c\u044b\u0442\u044c\u044f \u0432\u043e\u043b\u043e\u0441 \u043d\u0430\u043d\u0435\u0441\u0438\u0442\u0435 15-30ml \u043c\u0430\u0441\u043a\u0438   xiaomoxuan \u043d\u0430 \u0441\u043b\u0435\u0433\u043a\u0430 \u0432\u043b\u0430\u0436\u043d\u044b\u0435 \u0432\u043e\u043b\u043e\u0441\u044b (\u043d\u0435 \u043c\u043e\u043a\u0440\u044b\u0435). \u0420\u0430\u0441\u043f\u0440\u0435\u0434\u0435\u043b\u0438\u0442\u0435 \u043c\u0430\u0441\u043a\u0443 \u0440\u0430\u0432\u043d\u043e\u043c\u0435\u0440\u043d\u043e \u043f\u043e \u0432\u043e\u043b\u043e\u0441\u0430\u043c \u043e\u0442 \u043a\u043e\u0440\u043d\u044f \u0434\u043e \u043a\u043e\u043d\u0447\u0438\u043a\u043e\u0432. \u041f\u043e\u0434\u043e\u0436\u0434\u0438\u0442\u0435 5-7 \u043c\u0438\u043d\u0443\u0442. \u0417\u0430\u0442\u0435\u043c \u0441\u043c\u043e\u0439\u0442\u0435 \u0442\u0435\u043f\u043b\u043e\u0439 \u0432\u043e\u0434\u043e\u0439 \u0438 \u0432\u044b\u0441\u0443\u0448\u0438\u0442\u0435 \u0432\u043e\u043b\u043e\u0441\u044b \u0444\u0435\u043d\u043e\u043c \u0438\u043b\u0438 \u0434\u0430\u0439\u0442\u0435 \u0438\u043c \u0432\u044b\u0441\u043e\u0445\u043d\u0443\u0442\u044c \u0435\u0441\u0442\u0435\u0441\u0442\u0432\u0435\u043d\u043d\u044b\u043c \u043f\u0443\u0442\u0435\u043c.<\/li><\/ul><p><strong>\u0421\u043e\u0441\u0442\u0430\u0432<\/strong>:<\/p><ul><li>aqua, natural base from tea tree leaves, specializing in hair care milk, clear acid, natural plant amino acids, cetearyl, hydroxyphenylpropionate, hydroxyethylfibil, cerachloride, polyether10, sodium lectate, PCA, disodium edta, flavor.<\/li><\/ul><p class=\"p1\"><strong>\u0423\u0441\u043b\u043e\u0432\u0438\u044f \u0445\u0440\u0430\u043d\u0435\u043d\u0438\u044f<\/strong><\/p><ul><li class=\"p1\">\u0425\u0440\u0430\u043d\u0438\u0442\u044c \u043f\u0440\u0438 \u0442\u0435\u043c\u043f\u0435\u0440\u0430\u0442\u0443\u0440\u0435 \u043e\u0442 +5\u0421 \u0434\u043e +30\u0421.<\/li><\/ul><p class=\"p1\"><strong>\u041c\u0435\u0440\u044b \u043f\u0440\u0435\u0434\u043e\u0441\u0442\u043e\u0440\u043e\u0436\u043d\u043e\u0441\u0442\u0438<\/strong>:<\/p><ul><li class=\"p1\">\u041f\u0440\u0438 \u043f\u043e\u043f\u0430\u0434\u0430\u043d\u0438\u0438 \u0432 \u0433\u043b\u0430\u0437\u0430 \u043f\u0440\u043e\u043c\u044b\u0442\u044c \u0431\u043e\u043b\u044c\u0448\u0438\u043c \u043a\u043e\u043b\u0438\u0447\u0435\u0441\u0442\u0432\u043e\u043c \u0432\u043e\u0434\u044b.<\/li><li class=\"p1\">\u0425\u0440\u0430\u043d\u0438\u0442\u0435 \u0432 \u043d\u0435\u0434\u043e\u0441\u0442\u0443\u043f\u043d\u043e\u043c \u0434\u043b\u044f \u0434\u0435\u0442\u0435\u0439 \u043c\u0435\u0441\u0442\u0435.<\/li><\/ul><\/div><\/div><\/div><\/div><\/div><\/div><div style=\"display: flex; border-radius: 15px; align-items: center; gap: 15px; justify-content: center;\"><p><strong>\u0418\u0437\u043e\u0431\u0440\u0430\u0436\u0435\u043d\u0438\u044f\/\u0412\u0438\u0434\u0435\u043e<\/strong><\/p><p><a href=\"https:\/\/www.instagram.com\/reel\/C1nRiD6oG9M\/?igsh=ZXJ1cnN3ZXdmZDYw\"><img decoding=\"async\" class=\"wp-image-9868\" style=\"border-radius: 10px; border: transparent;\" src=\"https:\/\/xiaomoxuan.ro\/wp-content\/uploads\/2023\/09\/instagram.svg\" alt=\"\" width=\"30\" height=\"30\" \/><\/a><\/p><\/div>\t\t\t\t\t\t\t\t<\/div>\n\t\t\t\t<\/div>\n\t\t\t\t\t<\/div>\n\t\t<\/div>\n\t\t\t\t\t<\/div>\n\t\t<\/section>\n\t\t\t\t<\/div>","protected":false},"excerpt":{"rendered":"<p>Masc\u0103 Xiaomoxuan Tea Tree Mask 550 ml F\u0102R\u0102 SULFA\u021aI, F\u0102R\u0102 PARABENI \u0218I F\u0102R\u0102 COLORAN\u021aI Formula concentrat\u0103 unic\u0103 a m\u0103\u0219tii de p\u0103r Xiaomoxuan este realizat\u0103 cu o baz\u0103 natural\u0103 de frunze de arbore de ceai. Aminoacizii naturali \u00eent\u0103resc p\u0103rul, f\u0103c\u00e2ndu-l dens, suplu \u0219i str\u0103lucitor. Masca ofer\u0103 p\u0103rului t\u0103u: Str\u0103lucire natural\u0103 Elasticitate crescut\u0103 Reducerea efectiv\u0103 electrific\u0103rii. Hidratare &hellip; <a href=\"https:\/\/xiaomoxuan.ro\/ru\/product\/masca-arbore-de-ceai\/\" class=\"more-link\">Continue reading <span class=\"screen-reader-text\">XIAOMOXUAN \u041c\u0410\u0421\u041a\u0410 \u0427\u0410\u0419\u041d\u041e\u0413\u041e \u0414\u0415\u0420\u0415\u0412\u0410 550ml<\/span><\/a><\/p>","protected":false},"featured_media":7537,"comment_status":"open","ping_status":"closed","template":"","meta":[],"product_brand":[],"product_cat":[58],"product_tag":[],"class_list":{"0":"post-6709","1":"product","2":"type-product","3":"status-publish","4":"has-post-thumbnail","6":"product_cat-masti","9":"instock","10":"taxable","11":"shipping-taxable","12":"purchasable","13":"product-type-simple"},"yoast_head":"<!-- This site is optimized with the Yoast SEO Premium plugin v26.9 (Yoast SEO v26.9) - https:\/\/yoast.com\/product\/yoast-seo-premium-wordpress\/ -->\n<title>MASC\u0102 ARBORE DE CEAI 550 ml - Lumea cosmeticelor naturale Xiaomoxuan<\/title>\n<meta name=\"description\" content=\"Masca de p\u0103r Xiaomoxuan - formula concentrat\u0103 unic\u0103 realizat\u0103 cu o baz\u0103 natural\u0103 de frunze de arbore de ceai. Aminoacizii naturali \u00eent\u0103resc p\u0103rul.\" \/>\n<meta name=\"robots\" content=\"index, follow, max-snippet:-1, max-image-preview:large, max-video-preview:-1\" \/>\n<link rel=\"canonical\" href=\"https:\/\/xiaomoxuan.ro\/ru\/product\/masca-arbore-de-ceai\/\" \/>\n<meta property=\"og:locale\" content=\"ru_RU\" \/>\n<meta property=\"og:type\" content=\"article\" \/>\n<meta property=\"og:title\" content=\"MASC\u0102 ARBORE DE CEAI 550 ml\" \/>\n<meta property=\"og:description\" content=\"Masca de p\u0103r Xiaomoxuan - formula concentrat\u0103 unic\u0103 realizat\u0103 cu o baz\u0103 natural\u0103 de frunze de arbore de ceai. Aminoacizii naturali \u00eent\u0103resc p\u0103rul.\" \/>\n<meta property=\"og:url\" content=\"https:\/\/xiaomoxuan.ro\/ru\/product\/masca-arbore-de-ceai\/\" \/>\n<meta property=\"og:site_name\" content=\"Lumea cosmeticelor naturale Xiaomoxuan\" \/>\n<meta property=\"article:modified_time\" content=\"2026-05-06T13:42:12+00:00\" \/>\n<meta property=\"og:image\" content=\"https:\/\/xiaomoxuan.ro\/wp-content\/uploads\/2023\/08\/4_1.webp\" \/>\n\t<meta property=\"og:image:width\" content=\"1920\" \/>\n\t<meta property=\"og:image:height\" content=\"1920\" \/>\n\t<meta property=\"og:image:type\" content=\"image\/webp\" \/>\n<meta name=\"twitter:card\" content=\"summary_large_image\" \/>\n<meta name=\"twitter:label1\" content=\"\u041f\u0440\u0438\u043c\u0435\u0440\u043d\u043e\u0435 \u0432\u0440\u0435\u043c\u044f \u0434\u043b\u044f \u0447\u0442\u0435\u043d\u0438\u044f\" \/>\n\t<meta name=\"twitter:data1\" content=\"2 \u043c\u0438\u043d\u0443\u0442\u044b\" \/>\n<script type=\"application\/ld+json\" class=\"yoast-schema-graph\">{\"@context\":\"https:\/\/schema.org\",\"@graph\":[{\"@type\":\"WebPage\",\"@id\":\"https:\/\/xiaomoxuan.ro\/product\/masca-arbore-de-ceai\/\",\"url\":\"https:\/\/xiaomoxuan.ro\/product\/masca-arbore-de-ceai\/\",\"name\":\"MASC\u0102 ARBORE DE CEAI 550 ml - Lumea cosmeticelor naturale Xiaomoxuan\",\"isPartOf\":{\"@id\":\"https:\/\/xiaomoxuan.ro\/#website\"},\"primaryImageOfPage\":{\"@id\":\"https:\/\/xiaomoxuan.ro\/product\/masca-arbore-de-ceai\/#primaryimage\"},\"image\":{\"@id\":\"https:\/\/xiaomoxuan.ro\/product\/masca-arbore-de-ceai\/#primaryimage\"},\"thumbnailUrl\":\"https:\/\/xiaomoxuan.ro\/wp-content\/uploads\/2023\/08\/4_1.webp\",\"datePublished\":\"2023-08-29T20:00:57+00:00\",\"dateModified\":\"2026-05-06T13:42:12+00:00\",\"description\":\"Masca de p\u0103r Xiaomoxuan - formula concentrat\u0103 unic\u0103 realizat\u0103 cu o baz\u0103 natural\u0103 de frunze de arbore de ceai. Aminoacizii naturali \u00eent\u0103resc p\u0103rul.\",\"breadcrumb\":{\"@id\":\"https:\/\/xiaomoxuan.ro\/product\/masca-arbore-de-ceai\/#breadcrumb\"},\"inLanguage\":\"ru-RU\",\"potentialAction\":[{\"@type\":\"ReadAction\",\"target\":[\"https:\/\/xiaomoxuan.ro\/product\/masca-arbore-de-ceai\/\"]}]},{\"@type\":\"ImageObject\",\"inLanguage\":\"ru-RU\",\"@id\":\"https:\/\/xiaomoxuan.ro\/product\/masca-arbore-de-ceai\/#primaryimage\",\"url\":\"https:\/\/xiaomoxuan.ro\/wp-content\/uploads\/2023\/08\/4_1.webp\",\"contentUrl\":\"https:\/\/xiaomoxuan.ro\/wp-content\/uploads\/2023\/08\/4_1.webp\",\"width\":1920,\"height\":1920,\"caption\":\"masc\u0103\"},{\"@type\":\"BreadcrumbList\",\"@id\":\"https:\/\/xiaomoxuan.ro\/product\/masca-arbore-de-ceai\/#breadcrumb\",\"itemListElement\":[{\"@type\":\"ListItem\",\"position\":1,\"name\":\"\u0413\u043b\u0430\u0432\u043d\u0430\u044f \u0441\u0442\u0440\u0430\u043d\u0438\u0446\u0430\",\"item\":\"https:\/\/xiaomoxuan.ro\/ro\/\"},{\"@type\":\"ListItem\",\"position\":2,\"name\":\"Magazin\",\"item\":\"https:\/\/xiaomoxuan.ro\/shop\/\"},{\"@type\":\"ListItem\",\"position\":3,\"name\":\"MASC\u0102 ARBORE DE CEAI 550 ml\"}]},{\"@type\":\"WebSite\",\"@id\":\"https:\/\/xiaomoxuan.ro\/#website\",\"url\":\"https:\/\/xiaomoxuan.ro\/\",\"name\":\"Lumea cosmeticelor naturale Xiaomoxuan\",\"description\":\"\",\"publisher\":{\"@id\":\"https:\/\/xiaomoxuan.ro\/#organization\"},\"potentialAction\":[{\"@type\":\"SearchAction\",\"target\":{\"@type\":\"EntryPoint\",\"urlTemplate\":\"https:\/\/xiaomoxuan.ro\/?s={search_term_string}\"},\"query-input\":{\"@type\":\"PropertyValueSpecification\",\"valueRequired\":true,\"valueName\":\"search_term_string\"}}],\"inLanguage\":\"ru-RU\"},{\"@type\":\"Organization\",\"@id\":\"https:\/\/xiaomoxuan.ro\/#organization\",\"name\":\"Xiaomoxuan\",\"url\":\"https:\/\/xiaomoxuan.ro\/\",\"logo\":{\"@type\":\"ImageObject\",\"inLanguage\":\"ru-RU\",\"@id\":\"https:\/\/xiaomoxuan.ro\/#\/schema\/logo\/image\/\",\"url\":\"https:\/\/xiaomoxuan.ro\/wp-content\/uploads\/2024\/06\/green-logo.png\",\"contentUrl\":\"https:\/\/xiaomoxuan.ro\/wp-content\/uploads\/2024\/06\/green-logo.png\",\"width\":512,\"height\":512,\"caption\":\"Xiaomoxuan\"},\"image\":{\"@id\":\"https:\/\/xiaomoxuan.ro\/#\/schema\/logo\/image\/\"}}]}<\/script>\n<!-- \/ Yoast SEO Premium plugin. -->","yoast_head_json":{"title":"MASC\u0102 ARBORE DE CEAI 550 ml - Lumea cosmeticelor naturale Xiaomoxuan","description":"Masca de p\u0103r Xiaomoxuan - formula concentrat\u0103 unic\u0103 realizat\u0103 cu o baz\u0103 natural\u0103 de frunze de arbore de ceai. Aminoacizii naturali \u00eent\u0103resc p\u0103rul.","robots":{"index":"index","follow":"follow","max-snippet":"max-snippet:-1","max-image-preview":"max-image-preview:large","max-video-preview":"max-video-preview:-1"},"canonical":"https:\/\/xiaomoxuan.ro\/ru\/product\/masca-arbore-de-ceai\/","og_locale":"ru_RU","og_type":"article","og_title":"MASC\u0102 ARBORE DE CEAI 550 ml","og_description":"Masca de p\u0103r Xiaomoxuan - formula concentrat\u0103 unic\u0103 realizat\u0103 cu o baz\u0103 natural\u0103 de frunze de arbore de ceai. Aminoacizii naturali \u00eent\u0103resc p\u0103rul.","og_url":"https:\/\/xiaomoxuan.ro\/ru\/product\/masca-arbore-de-ceai\/","og_site_name":"Lumea cosmeticelor naturale Xiaomoxuan","article_modified_time":"2026-05-06T13:42:12+00:00","og_image":[{"width":1920,"height":1920,"url":"https:\/\/xiaomoxuan.ro\/wp-content\/uploads\/2023\/08\/4_1.webp","type":"image\/webp"}],"twitter_card":"summary_large_image","twitter_misc":{"\u041f\u0440\u0438\u043c\u0435\u0440\u043d\u043e\u0435 \u0432\u0440\u0435\u043c\u044f \u0434\u043b\u044f \u0447\u0442\u0435\u043d\u0438\u044f":"2 \u043c\u0438\u043d\u0443\u0442\u044b"},"schema":{"@context":"https:\/\/schema.org","@graph":[{"@type":"WebPage","@id":"https:\/\/xiaomoxuan.ro\/product\/masca-arbore-de-ceai\/","url":"https:\/\/xiaomoxuan.ro\/product\/masca-arbore-de-ceai\/","name":"MASC\u0102 ARBORE DE CEAI 550 ml - Lumea cosmeticelor naturale Xiaomoxuan","isPartOf":{"@id":"https:\/\/xiaomoxuan.ro\/#website"},"primaryImageOfPage":{"@id":"https:\/\/xiaomoxuan.ro\/product\/masca-arbore-de-ceai\/#primaryimage"},"image":{"@id":"https:\/\/xiaomoxuan.ro\/product\/masca-arbore-de-ceai\/#primaryimage"},"thumbnailUrl":"https:\/\/xiaomoxuan.ro\/wp-content\/uploads\/2023\/08\/4_1.webp","datePublished":"2023-08-29T20:00:57+00:00","dateModified":"2026-05-06T13:42:12+00:00","description":"Masca de p\u0103r Xiaomoxuan - formula concentrat\u0103 unic\u0103 realizat\u0103 cu o baz\u0103 natural\u0103 de frunze de arbore de ceai. Aminoacizii naturali \u00eent\u0103resc p\u0103rul.","breadcrumb":{"@id":"https:\/\/xiaomoxuan.ro\/product\/masca-arbore-de-ceai\/#breadcrumb"},"inLanguage":"ru-RU","potentialAction":[{"@type":"ReadAction","target":["https:\/\/xiaomoxuan.ro\/product\/masca-arbore-de-ceai\/"]}]},{"@type":"ImageObject","inLanguage":"ru-RU","@id":"https:\/\/xiaomoxuan.ro\/product\/masca-arbore-de-ceai\/#primaryimage","url":"https:\/\/xiaomoxuan.ro\/wp-content\/uploads\/2023\/08\/4_1.webp","contentUrl":"https:\/\/xiaomoxuan.ro\/wp-content\/uploads\/2023\/08\/4_1.webp","width":1920,"height":1920,"caption":"masc\u0103"},{"@type":"BreadcrumbList","@id":"https:\/\/xiaomoxuan.ro\/product\/masca-arbore-de-ceai\/#breadcrumb","itemListElement":[{"@type":"ListItem","position":1,"name":"\u0413\u043b\u0430\u0432\u043d\u0430\u044f \u0441\u0442\u0440\u0430\u043d\u0438\u0446\u0430","item":"https:\/\/xiaomoxuan.ro\/ro\/"},{"@type":"ListItem","position":2,"name":"Magazin","item":"https:\/\/xiaomoxuan.ro\/shop\/"},{"@type":"ListItem","position":3,"name":"MASC\u0102 ARBORE DE CEAI 550 ml"}]},{"@type":"WebSite","@id":"https:\/\/xiaomoxuan.ro\/#website","url":"https:\/\/xiaomoxuan.ro\/","name":"Lumea cosmeticelor naturale Xiaomoxuan","description":"","publisher":{"@id":"https:\/\/xiaomoxuan.ro\/#organization"},"potentialAction":[{"@type":"SearchAction","target":{"@type":"EntryPoint","urlTemplate":"https:\/\/xiaomoxuan.ro\/?s={search_term_string}"},"query-input":{"@type":"PropertyValueSpecification","valueRequired":true,"valueName":"search_term_string"}}],"inLanguage":"ru-RU"},{"@type":"Organization","@id":"https:\/\/xiaomoxuan.ro\/#organization","name":"Xiaomoxuan","url":"https:\/\/xiaomoxuan.ro\/","logo":{"@type":"ImageObject","inLanguage":"ru-RU","@id":"https:\/\/xiaomoxuan.ro\/#\/schema\/logo\/image\/","url":"https:\/\/xiaomoxuan.ro\/wp-content\/uploads\/2024\/06\/green-logo.png","contentUrl":"https:\/\/xiaomoxuan.ro\/wp-content\/uploads\/2024\/06\/green-logo.png","width":512,"height":512,"caption":"Xiaomoxuan"},"image":{"@id":"https:\/\/xiaomoxuan.ro\/#\/schema\/logo\/image\/"}}]}},"_links":{"self":[{"href":"https:\/\/xiaomoxuan.ro\/ru\/wp-json\/wp\/v2\/product\/6709","targetHints":{"allow":["GET"]}}],"collection":[{"href":"https:\/\/xiaomoxuan.ro\/ru\/wp-json\/wp\/v2\/product"}],"about":[{"href":"https:\/\/xiaomoxuan.ro\/ru\/wp-json\/wp\/v2\/types\/product"}],"replies":[{"embeddable":true,"href":"https:\/\/xiaomoxuan.ro\/ru\/wp-json\/wp\/v2\/comments?post=6709"}],"version-history":[{"count":1,"href":"https:\/\/xiaomoxuan.ro\/ru\/wp-json\/wp\/v2\/product\/6709\/revisions"}],"predecessor-version":[{"id":24625,"href":"https:\/\/xiaomoxuan.ro\/ru\/wp-json\/wp\/v2\/product\/6709\/revisions\/24625"}],"wp:featuredmedia":[{"embeddable":true,"href":"https:\/\/xiaomoxuan.ro\/ru\/wp-json\/wp\/v2\/media\/7537"}],"wp:attachment":[{"href":"https:\/\/xiaomoxuan.ro\/ru\/wp-json\/wp\/v2\/media?parent=6709"}],"wp:term":[{"taxonomy":"product_brand","embeddable":true,"href":"https:\/\/xiaomoxuan.ro\/ru\/wp-json\/wp\/v2\/product_brand?post=6709"},{"taxonomy":"product_cat","embeddable":true,"href":"https:\/\/xiaomoxuan.ro\/ru\/wp-json\/wp\/v2\/product_cat?post=6709"},{"taxonomy":"product_tag","embeddable":true,"href":"https:\/\/xiaomoxuan.ro\/ru\/wp-json\/wp\/v2\/product_tag?post=6709"}],"curies":[{"name":"wp","href":"https:\/\/api.w.org\/{rel}","templated":true}]}}